{"id":651,"date":"2024-08-30T08:10:07","date_gmt":"2024-08-30T08:10:07","guid":{"rendered":"https:\/\/fokalize.com\/?page_id=651"},"modified":"2024-08-30T08:33:35","modified_gmt":"2024-08-30T08:33:35","slug":"sobre-nosotros","status":"publish","type":"page","link":"https:\/\/fokalize.com\/fr\/sobre-nosotros\/","title":{"rendered":"\u00c9quipement"},"content":{"rendered":"<div data-elementor-type=\"wp-page\" data-elementor-id=\"651\" class=\"elementor elementor-651\" data-elementor-post-type=\"page\">\n\t\t\t\t<div class=\"elementor-element elementor-element-9fd7102 e-flex e-con-boxed e-con e-parent\" data-id=\"9fd7102\" data-element_type=\"container\" data-settings=\"{&quot;background_background&quot;:&quot;classic&quot;}\">\n\t\t\t\t\t<div class=\"e-con-inner\">\n\t\t<div class=\"elementor-element elementor-element-57b84d6 e-con-full e-flex e-con e-child\" data-id=\"57b84d6\" data-element_type=\"container\" data-settings=\"{&quot;background_background&quot;:&quot;classic&quot;}\">\n\t\t<div class=\"elementor-element elementor-element-236e23d e-con-full e-flex e-con e-child\" data-id=\"236e23d\" data-element_type=\"container\">\n\t\t\t\t<div class=\"elementor-element elementor-element-466cac6 elementor-absolute elementor-widget elementor-widget-image\" data-id=\"466cac6\" data-element_type=\"widget\" data-settings=\"{&quot;_position&quot;:&quot;absolute&quot;}\" data-widget_type=\"image.default\">\n\t\t\t\t<div class=\"elementor-widget-container\">\n\t\t\t\t\t\t\t\t\t\t\t\t\t\t\t<img decoding=\"async\" width=\"235\" height=\"133\" src=\"https:\/\/fokalize.com\/wp-content\/uploads\/2024\/08\/somos-1.svg\" class=\"attachment-large size-large wp-image-561\" alt=\"\" \/>\t\t\t\t\t\t\t\t\t\t\t\t\t\t\t<\/div>\n\t\t\t\t<\/div>\n\t\t\t\t<\/div>\n\t\t\t\t<\/div>\n\t\t\t\t\t<\/div>\n\t\t\t\t<\/div>\n\t\t<div class=\"elementor-element elementor-element-2fa3805 e-flex e-con-boxed e-con e-parent\" data-id=\"2fa3805\" data-element_type=\"container\">\n\t\t\t\t\t<div class=\"e-con-inner\">\n\t\t<div class=\"elementor-element elementor-element-b7ffafb e-con-full e-flex e-con e-child\" data-id=\"b7ffafb\" data-element_type=\"container\">\n\t\t\t\t<div class=\"elementor-element elementor-element-18bcd90 elementor-widget elementor-widget-heading\" data-id=\"18bcd90\" data-element_type=\"widget\" data-widget_type=\"heading.default\">\n\t\t\t\t<div class=\"elementor-widget-container\">\n\t\t\t\t\t<h2 class=\"elementor-heading-title elementor-size-default\">Fokalize : Experts en Communication et Marketing Touristiques pour le March\u00e9 Fran\u00e7ais<\/h2>\t\t\t\t<\/div>\n\t\t\t\t<\/div>\n\t\t\t\t<\/div>\n\t\t<div class=\"elementor-element elementor-element-25ff9f1 e-con-full e-flex e-con e-child\" data-id=\"25ff9f1\" data-element_type=\"container\">\n\t\t<div class=\"elementor-element elementor-element-6c5940a e-con-full e-flex e-con e-child\" data-id=\"6c5940a\" data-element_type=\"container\">\n\t\t\t\t<div class=\"elementor-element elementor-element-1477aab elementor-widget elementor-widget-text-editor\" data-id=\"1477aab\" data-element_type=\"widget\" data-widget_type=\"text-editor.default\">\n\t\t\t\t<div class=\"elementor-widget-container\">\n\t\t\t\t\t\t\t\t\tChez Fokalize, nous combinons l&#039;exp\u00e9rience et les connaissances de deux entit\u00e9s leaders dans le domaine de la communication et du marketing touristiques pour vous proposer des solutions globales qui renforcent votre pr\u00e9sence sur le march\u00e9 fran\u00e7ais.\t\t\t\t\t\t\t\t<\/div>\n\t\t\t\t<\/div>\n\t\t\t\t<\/div>\n\t\t\t\t<\/div>\n\t\t\t\t\t<\/div>\n\t\t\t\t<\/div>\n\t\t<div class=\"elementor-element elementor-element-e3450fb e-flex e-con-boxed e-con e-parent\" data-id=\"e3450fb\" data-element_type=\"container\" data-settings=\"{&quot;background_background&quot;:&quot;classic&quot;}\">\n\t\t\t\t\t<div class=\"e-con-inner\">\n\t\t<div class=\"elementor-element elementor-element-37b6fd0 e-con-full e-flex e-con e-child\" data-id=\"37b6fd0\" data-element_type=\"container\" data-settings=\"{&quot;background_background&quot;:&quot;classic&quot;}\">\n\t\t<div class=\"elementor-element elementor-element-f00c004 e-con-full e-flex e-con e-child\" data-id=\"f00c004\" data-element_type=\"container\">\n\t\t\t\t<div class=\"elementor-element elementor-element-57a8a72 elementor-widget elementor-widget-heading\" data-id=\"57a8a72\" data-element_type=\"widget\" data-widget_type=\"heading.default\">\n\t\t\t\t<div class=\"elementor-widget-container\">\n\t\t\t\t\t<h2 class=\"elementor-heading-title elementor-size-default\">Qui nous sommes<\/h2>\t\t\t\t<\/div>\n\t\t\t\t<\/div>\n\t\t\t\t<div class=\"elementor-element elementor-element-c8c32ad elementor-widget elementor-widget-heading\" data-id=\"c8c32ad\" data-element_type=\"widget\" data-widget_type=\"heading.default\">\n\t\t\t\t<div class=\"elementor-widget-container\">\n\t\t\t\t\t<h3 class=\"elementor-heading-title elementor-size-default\">Fokalize r\u00e9unit deux experts en communication et marketing touristique <\/h3>\t\t\t\t<\/div>\n\t\t\t\t<\/div>\n\t\t\t\t<\/div>\n\t\t<div class=\"elementor-element elementor-element-d7659e9 e-grid e-con-full e-con e-child\" data-id=\"d7659e9\" data-element_type=\"container\">\n\t\t<div class=\"elementor-element elementor-element-64ab60f e-con-full e-flex e-con e-child\" data-id=\"64ab60f\" data-element_type=\"container\">\n\t\t\t\t<div class=\"elementor-element elementor-element-a4e62a2 elementor-widget elementor-widget-image\" data-id=\"a4e62a2\" data-element_type=\"widget\" data-widget_type=\"image.default\">\n\t\t\t\t<div class=\"elementor-widget-container\">\n\t\t\t\t\t\t\t\t\t\t\t\t\t\t\t<img decoding=\"async\" src=\"https:\/\/fokalize.com\/wp-content\/plugins\/elementor\/assets\/images\/placeholder.png\" title=\"\" alt=\"\" loading=\"lazy\" \/>\t\t\t\t\t\t\t\t\t\t\t\t\t\t\t<\/div>\n\t\t\t\t<\/div>\n\t\t\t\t<div class=\"elementor-element elementor-element-81a30c8 elementor-widget elementor-widget-image-box\" data-id=\"81a30c8\" data-element_type=\"widget\" data-widget_type=\"image-box.default\">\n\t\t\t\t<div class=\"elementor-widget-container\">\n\t\t\t\t\t<div class=\"elementor-image-box-wrapper\"><div class=\"elementor-image-box-content\"><h4 class=\"elementor-image-box-title\">Emma Bello<br><b>Les impuls turistic<\/b><\/h4><p class=\"elementor-image-box-description\">&lt;bzxxzxz\nEmpresa de representaci\u00f3n Tur\u00edstica y Marketing operativo<\/p><\/div><\/div>\t\t\t\t<\/div>\n\t\t\t\t<\/div>\n\t\t\t\t<\/div>\n\t\t<div class=\"elementor-element elementor-element-e43df58 e-con-full e-flex e-con e-child\" data-id=\"e43df58\" data-element_type=\"container\">\n\t\t\t\t<div class=\"elementor-element elementor-element-d2216f6 elementor-widget elementor-widget-image\" data-id=\"d2216f6\" data-element_type=\"widget\" data-widget_type=\"image.default\">\n\t\t\t\t<div class=\"elementor-widget-container\">\n\t\t\t\t\t\t\t\t\t\t\t\t\t\t\t<img decoding=\"async\" src=\"https:\/\/fokalize.com\/wp-content\/plugins\/elementor\/assets\/images\/placeholder.png\" title=\"\" alt=\"\" loading=\"lazy\" \/>\t\t\t\t\t\t\t\t\t\t\t\t\t\t\t<\/div>\n\t\t\t\t<\/div>\n\t\t\t\t<div class=\"elementor-element elementor-element-595c3cd elementor-widget elementor-widget-image-box\" data-id=\"595c3cd\" data-element_type=\"widget\" data-widget_type=\"image-box.default\">\n\t\t\t\t<div class=\"elementor-widget-container\">\n\t\t\t\t\t<div class=\"elementor-image-box-wrapper\"><div class=\"elementor-image-box-content\"><h4 class=\"elementor-image-box-title\">Blanca Mateo<br><b>Moondog<\/b><\/h4><p class=\"elementor-image-box-description\">Agence. communication, relations publiques, graphisme et cr\u00e9ateur d&#039;\u00e9v\u00e9nements multidisciplinaires<\/p><\/div><\/div>\t\t\t\t<\/div>\n\t\t\t\t<\/div>\n\t\t\t\t<\/div>\n\t\t\t\t<\/div>\n\t\t<div class=\"elementor-element elementor-element-a6bd8e5 e-con-full e-flex e-con e-child\" data-id=\"a6bd8e5\" data-element_type=\"container\">\n\t\t\t\t<div class=\"elementor-element elementor-element-98ffcec elementor-widget elementor-widget-button\" data-id=\"98ffcec\" data-element_type=\"widget\" data-widget_type=\"button.default\">\n\t\t\t\t<div class=\"elementor-widget-container\">\n\t\t\t\t\t\t\t\t\t<div class=\"elementor-button-wrapper\">\n\t\t\t\t\t<a class=\"elementor-button elementor-button-link elementor-size-sm\" href=\"#\">\n\t\t\t\t\t\t<span class=\"elementor-button-content-wrapper\">\n\t\t\t\t\t\t\t\t\t<span class=\"elementor-button-text\">Plus d&#039;informations<\/span>\n\t\t\t\t\t<\/span>\n\t\t\t\t\t<\/a>\n\t\t\t\t<\/div>\n\t\t\t\t\t\t\t\t<\/div>\n\t\t\t\t<\/div>\n\t\t\t\t<\/div>\n\t\t\t\t<\/div>\n\t\t\t\t\t<\/div>\n\t\t\t\t<\/div>\n\t\t\t\t<\/div>","protected":false},"excerpt":{"rendered":"<p>Fokalize : Experts en communication et marketing touristiques pour le march\u00e9 fran\u00e7ais Chez Fokalize, nous combinons l&#039;exp\u00e9rience et les connaissances de deux entit\u00e9s leaders dans le domaine de la communication et du marketing touristiques pour vous proposer des solutions compl\u00e8tes qui renforcent votre pr\u00e9sence sur le march\u00e9 fran\u00e7ais. Qui nous sommes Fokalize rassemble deux experts en communication et Marketing [\u2026]<\/p>","protected":false},"author":1,"featured_media":0,"parent":0,"menu_order":0,"comment_status":"closed","ping_status":"closed","template":"","meta":{"footnotes":""},"class_list":["post-651","page","type-page","status-publish","hentry"],"yoast_head":"<!-- This site is optimized with the Yoast SEO plugin v26.5 - https:\/\/yoast.com\/wordpress\/plugins\/seo\/ -->\n<title>Equipo - Fokalize<\/title>\n<meta name=\"robots\" content=\"index, follow, max-snippet:-1, max-image-preview:large, max-video-preview:-1\" \/>\n<link rel=\"canonical\" href=\"https:\/\/fokalize.com\/fr\/sobre-nosotros\/\" \/>\n<meta property=\"og:locale\" content=\"fr_FR\" \/>\n<meta property=\"og:type\" content=\"article\" \/>\n<meta property=\"og:title\" content=\"Equipo - Fokalize\" \/>\n<meta property=\"og:description\" content=\"Fokalize: Expertos en Comunicaci\u00f3n y Marketing Tur\u00edstico para el Mercado Franc\u00e9s En Fokalize, combinamos la experiencia y el conocimiento de dos entidades l\u00edderes en el \u00e1mbito de la comunicaci\u00f3n y el marketing tur\u00edstico para ofrecerte soluciones integrales que impulsan tu presencia en el mercado franc\u00e9s. Qui\u00e9nes Somos Fokalize une dos expertos en comunicaci\u00f3n y Marketing [&hellip;]\" \/>\n<meta property=\"og:url\" content=\"https:\/\/fokalize.com\/fr\/sobre-nosotros\/\" \/>\n<meta property=\"og:site_name\" content=\"Fokalize\" \/>\n<meta property=\"article:modified_time\" content=\"2024-08-30T08:33:35+00:00\" \/>\n<meta property=\"og:image\" content=\"https:\/\/fokalize.com\/wp-content\/uploads\/2024\/08\/somos-1.svg\" \/>\n<meta name=\"twitter:card\" content=\"summary_large_image\" \/>\n<script type=\"application\/ld+json\" class=\"yoast-schema-graph\">{\"@context\":\"https:\/\/schema.org\",\"@graph\":[{\"@type\":\"WebPage\",\"@id\":\"https:\/\/fokalize.com\/sobre-nosotros\/\",\"url\":\"https:\/\/fokalize.com\/sobre-nosotros\/\",\"name\":\"Equipo - Fokalize\",\"isPartOf\":{\"@id\":\"https:\/\/fokalize.com\/#website\"},\"primaryImageOfPage\":{\"@id\":\"https:\/\/fokalize.com\/sobre-nosotros\/#primaryimage\"},\"image\":{\"@id\":\"https:\/\/fokalize.com\/sobre-nosotros\/#primaryimage\"},\"thumbnailUrl\":\"https:\/\/fokalize.com\/wp-content\/uploads\/2024\/08\/somos-1.svg\",\"datePublished\":\"2024-08-30T08:10:07+00:00\",\"dateModified\":\"2024-08-30T08:33:35+00:00\",\"breadcrumb\":{\"@id\":\"https:\/\/fokalize.com\/sobre-nosotros\/#breadcrumb\"},\"inLanguage\":\"fr-FR\",\"potentialAction\":[{\"@type\":\"ReadAction\",\"target\":[\"https:\/\/fokalize.com\/sobre-nosotros\/\"]}]},{\"@type\":\"ImageObject\",\"inLanguage\":\"fr-FR\",\"@id\":\"https:\/\/fokalize.com\/sobre-nosotros\/#primaryimage\",\"url\":\"https:\/\/fokalize.com\/wp-content\/uploads\/2024\/08\/somos-1.svg\",\"contentUrl\":\"https:\/\/fokalize.com\/wp-content\/uploads\/2024\/08\/somos-1.svg\"},{\"@type\":\"BreadcrumbList\",\"@id\":\"https:\/\/fokalize.com\/sobre-nosotros\/#breadcrumb\",\"itemListElement\":[{\"@type\":\"ListItem\",\"position\":1,\"name\":\"Portada\",\"item\":\"https:\/\/fokalize.com\/\"},{\"@type\":\"ListItem\",\"position\":2,\"name\":\"Equipo\"}]},{\"@type\":\"WebSite\",\"@id\":\"https:\/\/fokalize.com\/#website\",\"url\":\"https:\/\/fokalize.com\/\",\"name\":\"Fokalize\",\"description\":\"\",\"potentialAction\":[{\"@type\":\"SearchAction\",\"target\":{\"@type\":\"EntryPoint\",\"urlTemplate\":\"https:\/\/fokalize.com\/?s={search_term_string}\"},\"query-input\":{\"@type\":\"PropertyValueSpecification\",\"valueRequired\":true,\"valueName\":\"search_term_string\"}}],\"inLanguage\":\"fr-FR\"}]}<\/script>\n<!-- \/ Yoast SEO plugin. -->","yoast_head_json":{"title":"Equipo - Fokalize","robots":{"index":"index","follow":"follow","max-snippet":"max-snippet:-1","max-image-preview":"max-image-preview:large","max-video-preview":"max-video-preview:-1"},"canonical":"https:\/\/fokalize.com\/fr\/sobre-nosotros\/","og_locale":"fr_FR","og_type":"article","og_title":"Equipo - Fokalize","og_description":"Fokalize: Expertos en Comunicaci\u00f3n y Marketing Tur\u00edstico para el Mercado Franc\u00e9s En Fokalize, combinamos la experiencia y el conocimiento de dos entidades l\u00edderes en el \u00e1mbito de la comunicaci\u00f3n y el marketing tur\u00edstico para ofrecerte soluciones integrales que impulsan tu presencia en el mercado franc\u00e9s. Qui\u00e9nes Somos Fokalize une dos expertos en comunicaci\u00f3n y Marketing [&hellip;]","og_url":"https:\/\/fokalize.com\/fr\/sobre-nosotros\/","og_site_name":"Fokalize","article_modified_time":"2024-08-30T08:33:35+00:00","og_image":[{"url":"https:\/\/fokalize.com\/wp-content\/uploads\/2024\/08\/somos-1.svg","type":"","width":"","height":""}],"twitter_card":"summary_large_image","schema":{"@context":"https:\/\/schema.org","@graph":[{"@type":"WebPage","@id":"https:\/\/fokalize.com\/sobre-nosotros\/","url":"https:\/\/fokalize.com\/sobre-nosotros\/","name":"Equipo - Fokalize","isPartOf":{"@id":"https:\/\/fokalize.com\/#website"},"primaryImageOfPage":{"@id":"https:\/\/fokalize.com\/sobre-nosotros\/#primaryimage"},"image":{"@id":"https:\/\/fokalize.com\/sobre-nosotros\/#primaryimage"},"thumbnailUrl":"https:\/\/fokalize.com\/wp-content\/uploads\/2024\/08\/somos-1.svg","datePublished":"2024-08-30T08:10:07+00:00","dateModified":"2024-08-30T08:33:35+00:00","breadcrumb":{"@id":"https:\/\/fokalize.com\/sobre-nosotros\/#breadcrumb"},"inLanguage":"fr-FR","potentialAction":[{"@type":"ReadAction","target":["https:\/\/fokalize.com\/sobre-nosotros\/"]}]},{"@type":"ImageObject","inLanguage":"fr-FR","@id":"https:\/\/fokalize.com\/sobre-nosotros\/#primaryimage","url":"https:\/\/fokalize.com\/wp-content\/uploads\/2024\/08\/somos-1.svg","contentUrl":"https:\/\/fokalize.com\/wp-content\/uploads\/2024\/08\/somos-1.svg"},{"@type":"BreadcrumbList","@id":"https:\/\/fokalize.com\/sobre-nosotros\/#breadcrumb","itemListElement":[{"@type":"ListItem","position":1,"name":"Portada","item":"https:\/\/fokalize.com\/"},{"@type":"ListItem","position":2,"name":"Equipo"}]},{"@type":"WebSite","@id":"https:\/\/fokalize.com\/#website","url":"https:\/\/fokalize.com\/","name":"Fokaliser","description":"","potentialAction":[{"@type":"SearchAction","target":{"@type":"EntryPoint","urlTemplate":"https:\/\/fokalize.com\/?s={search_term_string}"},"query-input":{"@type":"PropertyValueSpecification","valueRequired":true,"valueName":"search_term_string"}}],"inLanguage":"fr-FR"}]}},"_links":{"self":[{"href":"https:\/\/fokalize.com\/fr\/wp-json\/wp\/v2\/pages\/651","targetHints":{"allow":["GET"]}}],"collection":[{"href":"https:\/\/fokalize.com\/fr\/wp-json\/wp\/v2\/pages"}],"about":[{"href":"https:\/\/fokalize.com\/fr\/wp-json\/wp\/v2\/types\/page"}],"author":[{"embeddable":true,"href":"https:\/\/fokalize.com\/fr\/wp-json\/wp\/v2\/users\/1"}],"replies":[{"embeddable":true,"href":"https:\/\/fokalize.com\/fr\/wp-json\/wp\/v2\/comments?post=651"}],"version-history":[{"count":29,"href":"https:\/\/fokalize.com\/fr\/wp-json\/wp\/v2\/pages\/651\/revisions"}],"predecessor-version":[{"id":3488,"href":"https:\/\/fokalize.com\/fr\/wp-json\/wp\/v2\/pages\/651\/revisions\/3488"}],"wp:attachment":[{"href":"https:\/\/fokalize.com\/fr\/wp-json\/wp\/v2\/media?parent=651"}],"curies":[{"name":"wp","href":"https:\/\/api.w.org\/{rel}","templated":true}]}}