{"id":528,"date":"2024-08-29T18:05:03","date_gmt":"2024-08-29T18:05:03","guid":{"rendered":"https:\/\/fokalize.com\/?page_id=528"},"modified":"2025-10-27T15:15:53","modified_gmt":"2025-10-27T14:15:53","slug":"quienes-somos","status":"publish","type":"page","link":"https:\/\/fokalize.com\/fr\/quienes-somos\/","title":{"rendered":"Qui sommes-nous?"},"content":{"rendered":"<div data-elementor-type=\"wp-page\" data-elementor-id=\"528\" class=\"elementor elementor-528\" data-elementor-post-type=\"page\">\n\t\t\t\t<div class=\"elementor-element elementor-element-42396cd e-flex e-con-boxed e-con e-parent\" data-id=\"42396cd\" data-element_type=\"container\" data-settings=\"{&quot;background_background&quot;:&quot;classic&quot;}\">\n\t\t\t\t\t<div class=\"e-con-inner\">\n\t\t<div class=\"elementor-element elementor-element-c959526 e-con-full e-flex e-con e-child\" data-id=\"c959526\" data-element_type=\"container\" data-settings=\"{&quot;background_background&quot;:&quot;classic&quot;}\">\n\t\t<div class=\"elementor-element elementor-element-9e5b7e4 e-con-full e-flex e-con e-child\" data-id=\"9e5b7e4\" data-element_type=\"container\">\n\t\t\t\t<div class=\"elementor-element elementor-element-10481a6 elementor-absolute elementor-widget elementor-widget-image\" data-id=\"10481a6\" data-element_type=\"widget\" data-settings=\"{&quot;_position&quot;:&quot;absolute&quot;}\" data-widget_type=\"image.default\">\n\t\t\t\t<div class=\"elementor-widget-container\">\n\t\t\t\t\t\t\t\t\t\t\t\t\t\t\t<img decoding=\"async\" width=\"235\" height=\"133\" src=\"https:\/\/fokalize.com\/wp-content\/uploads\/2024\/08\/somos-1.svg\" class=\"attachment-large size-large wp-image-561\" alt=\"\" \/>\t\t\t\t\t\t\t\t\t\t\t\t\t\t\t<\/div>\n\t\t\t\t<\/div>\n\t\t\t\t<\/div>\n\t\t\t\t<\/div>\n\t\t\t\t\t<\/div>\n\t\t\t\t<\/div>\n\t\t<div class=\"elementor-element elementor-element-564ab3c e-flex e-con-boxed e-con e-parent\" data-id=\"564ab3c\" data-element_type=\"container\">\n\t\t\t\t\t<div class=\"e-con-inner\">\n\t\t<div class=\"elementor-element elementor-element-9ff98c1 e-con-full e-flex e-con e-child\" data-id=\"9ff98c1\" data-element_type=\"container\">\n\t\t\t\t<div class=\"elementor-element elementor-element-82038c9 elementor-invisible elementor-widget elementor-widget-heading\" data-id=\"82038c9\" data-element_type=\"widget\" data-settings=\"{&quot;_animation&quot;:&quot;fadeInDown&quot;}\" data-widget_type=\"heading.default\">\n\t\t\t\t<div class=\"elementor-widget-container\">\n\t\t\t\t\t<h2 class=\"elementor-heading-title elementor-size-default\">QUI SOMMES-NOUS ?<\/h2>\t\t\t\t<\/div>\n\t\t\t\t<\/div>\n\t\t\t\t<\/div>\n\t\t<div class=\"elementor-element elementor-element-b76b975 e-con-full e-flex e-con e-child\" data-id=\"b76b975\" data-element_type=\"container\">\n\t\t<div class=\"elementor-element elementor-element-c12eabe e-con-full e-flex e-con e-child\" data-id=\"c12eabe\" data-element_type=\"container\">\n\t\t\t\t<div class=\"elementor-element elementor-element-2e89cab elementor-invisible elementor-widget elementor-widget-text-editor\" data-id=\"2e89cab\" data-element_type=\"widget\" data-settings=\"{&quot;_animation&quot;:&quot;fadeInDown&quot;}\" data-widget_type=\"text-editor.default\">\n\t\t\t\t<div class=\"elementor-widget-container\">\n\t\t\t\t\t\t\t\t\t<p>Nous sommes une agence sp\u00e9cialis\u00e9e dans la promotion touristique, le marketing op\u00e9rationnel et la communication, bas\u00e9e \u00e0 Montpellier et Barcelone.<\/p><p>Nous proposons le service de repr\u00e9sentation touristique globale ou partielle aux entreprises publiques et priv\u00e9es qui ont pour objectif d&#039;introduire ou de promouvoir leur destination, produit ou service sur le march\u00e9 fran\u00e7ais.<\/p>\t\t\t\t\t\t\t\t<\/div>\n\t\t\t\t<\/div>\n\t\t\t\t<\/div>\n\t\t<div class=\"elementor-element elementor-element-f56ae83 e-con-full e-flex e-con e-child\" data-id=\"f56ae83\" data-element_type=\"container\">\n\t\t\t\t<div class=\"elementor-element elementor-element-3606b3d elementor-invisible elementor-widget elementor-widget-text-editor\" data-id=\"3606b3d\" data-element_type=\"widget\" data-settings=\"{&quot;_animation&quot;:&quot;fadeInDown&quot;}\" data-widget_type=\"text-editor.default\">\n\t\t\t\t<div class=\"elementor-widget-container\">\n\t\t\t\t\t\t\t\t\t<p>Nous \u00e9laborons une strat\u00e9gie adapt\u00e9e \u00e0 vos particularit\u00e9s, vous positionnant et apportant de la valeur.<\/p><p>La cr\u00e9ativit\u00e9, l&#039;innovation et l&#039;unicit\u00e9 sont notre force de travail et notre engagement, avec professionnalisme et efficacit\u00e9.<\/p>\t\t\t\t\t\t\t\t<\/div>\n\t\t\t\t<\/div>\n\t\t\t\t<\/div>\n\t\t\t\t<\/div>\n\t\t\t\t\t<\/div>\n\t\t\t\t<\/div>\n\t\t<div class=\"elementor-element elementor-element-57e0d0a e-flex e-con-boxed e-con e-parent\" data-id=\"57e0d0a\" data-element_type=\"container\">\n\t\t\t\t\t<div class=\"e-con-inner\">\n\t\t\t\t<div class=\"elementor-element elementor-element-2a0dd2d elementor-widget elementor-widget-image\" data-id=\"2a0dd2d\" data-element_type=\"widget\" data-widget_type=\"image.default\">\n\t\t\t\t<div class=\"elementor-widget-container\">\n\t\t\t\t\t\t\t\t\t\t\t\t\t\t\t<img fetchpriority=\"high\" decoding=\"async\" width=\"1400\" height=\"1140\" src=\"https:\/\/fokalize.com\/wp-content\/uploads\/2024\/09\/logos.jpg\" class=\"attachment-full size-full wp-image-694\" alt=\"\" srcset=\"https:\/\/fokalize.com\/wp-content\/uploads\/2024\/09\/logos.jpg 1400w, https:\/\/fokalize.com\/wp-content\/uploads\/2024\/09\/logos-300x244.jpg 300w, https:\/\/fokalize.com\/wp-content\/uploads\/2024\/09\/logos-1024x834.jpg 1024w, https:\/\/fokalize.com\/wp-content\/uploads\/2024\/09\/logos-768x625.jpg 768w\" sizes=\"(max-width: 1400px) 100vw, 1400px\" \/>\t\t\t\t\t\t\t\t\t\t\t\t\t\t\t<\/div>\n\t\t\t\t<\/div>\n\t\t\t\t\t<\/div>\n\t\t\t\t<\/div>\n\t\t\t\t<\/div>","protected":false},"excerpt":{"rendered":"<p>Qui est fokalize ? Nous sommes une agence sp\u00e9cialis\u00e9e en promotion touristique, marketing op\u00e9rationnel et communication, bas\u00e9e \u00e0 Montpellier et Barcelone. Nous offrons un service de repr\u00e9sentation touristique complet ou partiel aux entreprises publiques et priv\u00e9es qui souhaitent faire conna\u00eetre ou promouvoir leur destination, produit ou service sur le march\u00e9 fran\u00e7ais. Nous avons d\u00e9velopp\u00e9 une strat\u00e9gie adapt\u00e9e \u00e0 [\u2026]<\/p>","protected":false},"author":1,"featured_media":0,"parent":0,"menu_order":0,"comment_status":"closed","ping_status":"closed","template":"","meta":{"footnotes":""},"class_list":["post-528","page","type-page","status-publish","hentry"],"yoast_head":"<!-- This site is optimized with the Yoast SEO plugin v26.5 - https:\/\/yoast.com\/wordpress\/plugins\/seo\/ -->\n<title>Qui\u00e9nes somos - Fokalize<\/title>\n<meta name=\"robots\" content=\"index, follow, max-snippet:-1, max-image-preview:large, max-video-preview:-1\" \/>\n<link rel=\"canonical\" href=\"https:\/\/fokalize.com\/fr\/quienes-somos\/\" \/>\n<meta property=\"og:locale\" content=\"fr_FR\" \/>\n<meta property=\"og:type\" content=\"article\" \/>\n<meta property=\"og:title\" content=\"Qui\u00e9nes somos - Fokalize\" \/>\n<meta property=\"og:description\" content=\"\u00bfQui\u00e9n es fokalize? Somos una agencia especializada en promoci\u00f3n tur\u00edstica, marketing operativo y comunicaci\u00f3n, con sede en Montpellier y Barcelona. Ofrecemos el servicio global o parcial de representaci\u00f3n tur\u00edstica a empresas p\u00fablicas y privadas que tengan como objetivo introducir o potenciar su destino, producto o servicio en el mercado franc\u00e9s. Desarrollamos una estrategia adaptada a [&hellip;]\" \/>\n<meta property=\"og:url\" content=\"https:\/\/fokalize.com\/fr\/quienes-somos\/\" \/>\n<meta property=\"og:site_name\" content=\"Fokalize\" \/>\n<meta property=\"article:modified_time\" content=\"2025-10-27T14:15:53+00:00\" \/>\n<meta name=\"twitter:card\" content=\"summary_large_image\" \/>\n<meta name=\"twitter:label1\" content=\"Dur\u00e9e de lecture estim\u00e9e\" \/>\n\t<meta name=\"twitter:data1\" content=\"1 minute\" \/>\n<script type=\"application\/ld+json\" class=\"yoast-schema-graph\">{\"@context\":\"https:\/\/schema.org\",\"@graph\":[{\"@type\":\"WebPage\",\"@id\":\"https:\/\/fokalize.com\/quienes-somos\/\",\"url\":\"https:\/\/fokalize.com\/quienes-somos\/\",\"name\":\"Qui\u00e9nes somos - Fokalize\",\"isPartOf\":{\"@id\":\"https:\/\/fokalize.com\/#website\"},\"primaryImageOfPage\":{\"@id\":\"https:\/\/fokalize.com\/quienes-somos\/#primaryimage\"},\"image\":{\"@id\":\"https:\/\/fokalize.com\/quienes-somos\/#primaryimage\"},\"thumbnailUrl\":\"https:\/\/fokalize.com\/wp-content\/uploads\/2024\/08\/somos-1.svg\",\"datePublished\":\"2024-08-29T18:05:03+00:00\",\"dateModified\":\"2025-10-27T14:15:53+00:00\",\"breadcrumb\":{\"@id\":\"https:\/\/fokalize.com\/quienes-somos\/#breadcrumb\"},\"inLanguage\":\"fr-FR\",\"potentialAction\":[{\"@type\":\"ReadAction\",\"target\":[\"https:\/\/fokalize.com\/quienes-somos\/\"]}]},{\"@type\":\"ImageObject\",\"inLanguage\":\"fr-FR\",\"@id\":\"https:\/\/fokalize.com\/quienes-somos\/#primaryimage\",\"url\":\"https:\/\/fokalize.com\/wp-content\/uploads\/2024\/08\/somos-1.svg\",\"contentUrl\":\"https:\/\/fokalize.com\/wp-content\/uploads\/2024\/08\/somos-1.svg\"},{\"@type\":\"BreadcrumbList\",\"@id\":\"https:\/\/fokalize.com\/quienes-somos\/#breadcrumb\",\"itemListElement\":[{\"@type\":\"ListItem\",\"position\":1,\"name\":\"Portada\",\"item\":\"https:\/\/fokalize.com\/\"},{\"@type\":\"ListItem\",\"position\":2,\"name\":\"Qui\u00e9nes somos\"}]},{\"@type\":\"WebSite\",\"@id\":\"https:\/\/fokalize.com\/#website\",\"url\":\"https:\/\/fokalize.com\/\",\"name\":\"Fokalize\",\"description\":\"\",\"potentialAction\":[{\"@type\":\"SearchAction\",\"target\":{\"@type\":\"EntryPoint\",\"urlTemplate\":\"https:\/\/fokalize.com\/?s={search_term_string}\"},\"query-input\":{\"@type\":\"PropertyValueSpecification\",\"valueRequired\":true,\"valueName\":\"search_term_string\"}}],\"inLanguage\":\"fr-FR\"}]}<\/script>\n<!-- \/ Yoast SEO plugin. -->","yoast_head_json":{"title":"Qui\u00e9nes somos - Fokalize","robots":{"index":"index","follow":"follow","max-snippet":"max-snippet:-1","max-image-preview":"max-image-preview:large","max-video-preview":"max-video-preview:-1"},"canonical":"https:\/\/fokalize.com\/fr\/quienes-somos\/","og_locale":"fr_FR","og_type":"article","og_title":"Qui\u00e9nes somos - Fokalize","og_description":"\u00bfQui\u00e9n es fokalize? Somos una agencia especializada en promoci\u00f3n tur\u00edstica, marketing operativo y comunicaci\u00f3n, con sede en Montpellier y Barcelona. Ofrecemos el servicio global o parcial de representaci\u00f3n tur\u00edstica a empresas p\u00fablicas y privadas que tengan como objetivo introducir o potenciar su destino, producto o servicio en el mercado franc\u00e9s. Desarrollamos una estrategia adaptada a [&hellip;]","og_url":"https:\/\/fokalize.com\/fr\/quienes-somos\/","og_site_name":"Fokalize","article_modified_time":"2025-10-27T14:15:53+00:00","twitter_card":"summary_large_image","twitter_misc":{"Dur\u00e9e de lecture estim\u00e9e":"1 minute"},"schema":{"@context":"https:\/\/schema.org","@graph":[{"@type":"WebPage","@id":"https:\/\/fokalize.com\/quienes-somos\/","url":"https:\/\/fokalize.com\/quienes-somos\/","name":"Qui\u00e9nes somos - Fokalize","isPartOf":{"@id":"https:\/\/fokalize.com\/#website"},"primaryImageOfPage":{"@id":"https:\/\/fokalize.com\/quienes-somos\/#primaryimage"},"image":{"@id":"https:\/\/fokalize.com\/quienes-somos\/#primaryimage"},"thumbnailUrl":"https:\/\/fokalize.com\/wp-content\/uploads\/2024\/08\/somos-1.svg","datePublished":"2024-08-29T18:05:03+00:00","dateModified":"2025-10-27T14:15:53+00:00","breadcrumb":{"@id":"https:\/\/fokalize.com\/quienes-somos\/#breadcrumb"},"inLanguage":"fr-FR","potentialAction":[{"@type":"ReadAction","target":["https:\/\/fokalize.com\/quienes-somos\/"]}]},{"@type":"ImageObject","inLanguage":"fr-FR","@id":"https:\/\/fokalize.com\/quienes-somos\/#primaryimage","url":"https:\/\/fokalize.com\/wp-content\/uploads\/2024\/08\/somos-1.svg","contentUrl":"https:\/\/fokalize.com\/wp-content\/uploads\/2024\/08\/somos-1.svg"},{"@type":"BreadcrumbList","@id":"https:\/\/fokalize.com\/quienes-somos\/#breadcrumb","itemListElement":[{"@type":"ListItem","position":1,"name":"Portada","item":"https:\/\/fokalize.com\/"},{"@type":"ListItem","position":2,"name":"Qui\u00e9nes somos"}]},{"@type":"WebSite","@id":"https:\/\/fokalize.com\/#website","url":"https:\/\/fokalize.com\/","name":"Fokaliser","description":"","potentialAction":[{"@type":"SearchAction","target":{"@type":"EntryPoint","urlTemplate":"https:\/\/fokalize.com\/?s={search_term_string}"},"query-input":{"@type":"PropertyValueSpecification","valueRequired":true,"valueName":"search_term_string"}}],"inLanguage":"fr-FR"}]}},"_links":{"self":[{"href":"https:\/\/fokalize.com\/fr\/wp-json\/wp\/v2\/pages\/528","targetHints":{"allow":["GET"]}}],"collection":[{"href":"https:\/\/fokalize.com\/fr\/wp-json\/wp\/v2\/pages"}],"about":[{"href":"https:\/\/fokalize.com\/fr\/wp-json\/wp\/v2\/types\/page"}],"author":[{"embeddable":true,"href":"https:\/\/fokalize.com\/fr\/wp-json\/wp\/v2\/users\/1"}],"replies":[{"embeddable":true,"href":"https:\/\/fokalize.com\/fr\/wp-json\/wp\/v2\/comments?post=528"}],"version-history":[{"count":151,"href":"https:\/\/fokalize.com\/fr\/wp-json\/wp\/v2\/pages\/528\/revisions"}],"predecessor-version":[{"id":3535,"href":"https:\/\/fokalize.com\/fr\/wp-json\/wp\/v2\/pages\/528\/revisions\/3535"}],"wp:attachment":[{"href":"https:\/\/fokalize.com\/fr\/wp-json\/wp\/v2\/media?parent=528"}],"curies":[{"name":"wp","href":"https:\/\/api.w.org\/{rel}","templated":true}]}}