{"id":2601,"date":"2025-04-25T13:07:09","date_gmt":"2025-04-25T11:07:09","guid":{"rendered":"https:\/\/fokalize.com\/?page_id=2601"},"modified":"2025-12-04T14:17:44","modified_gmt":"2025-12-04T13:17:44","slug":"eventos","status":"publish","type":"page","link":"https:\/\/fokalize.com\/fr\/eventos\/","title":{"rendered":"\u00c9v\u00e9nements"},"content":{"rendered":"<div data-elementor-type=\"wp-page\" data-elementor-id=\"2601\" class=\"elementor elementor-2601\" data-elementor-post-type=\"page\">\n\t\t\t\t<div class=\"elementor-element elementor-element-c41ffbd e-flex e-con-boxed e-con e-parent\" data-id=\"c41ffbd\" data-element_type=\"container\">\n\t\t\t\t\t<div class=\"e-con-inner\">\n\t\t<div class=\"elementor-element elementor-element-e2c5f46 e-con-full e-flex e-con e-child\" data-id=\"e2c5f46\" data-element_type=\"container\" data-settings=\"{&quot;background_background&quot;:&quot;classic&quot;}\">\n\t\t<div class=\"elementor-element elementor-element-52e1a56 e-con-full e-flex e-con e-child\" data-id=\"52e1a56\" data-element_type=\"container\" data-settings=\"{&quot;background_background&quot;:&quot;classic&quot;}\">\n\t\t\t\t<\/div>\n\t\t\t\t<\/div>\n\t\t\t\t\t<\/div>\n\t\t\t\t<\/div>\n\t\t<div class=\"elementor-element elementor-element-4b3568e e-flex e-con-boxed e-con e-parent\" data-id=\"4b3568e\" data-element_type=\"container\">\n\t\t\t\t\t<div class=\"e-con-inner\">\n\t\t\t\t<div class=\"elementor-element elementor-element-e6514f6 elementor-widget elementor-widget-heading\" data-id=\"e6514f6\" data-element_type=\"widget\" data-widget_type=\"heading.default\">\n\t\t\t\t<div class=\"elementor-widget-container\">\n\t\t\t\t\t<h1 class=\"elementor-heading-title elementor-size-default\">D\u00c9COUVREZ LES DERNIERS \u00c9V\u00c9NEMENTS ET ACTUALIT\u00c9S<\/h1>\t\t\t\t<\/div>\n\t\t\t\t<\/div>\n\t\t\t\t\t<\/div>\n\t\t\t\t<\/div>\n\t\t<div class=\"elementor-element elementor-element-05dc511 e-flex e-con-boxed e-con e-parent\" data-id=\"05dc511\" data-element_type=\"container\">\n\t\t\t\t\t<div class=\"e-con-inner\">\n\t\t<div class=\"elementor-element elementor-element-2e3f301 e-con-full e-flex e-con e-child\" data-id=\"2e3f301\" data-element_type=\"container\">\n\t\t\t\t<div class=\"elementor-element elementor-element-648cb49 elementor-widget elementor-widget-image\" data-id=\"648cb49\" data-element_type=\"widget\" data-widget_type=\"image.default\">\n\t\t\t\t<div class=\"elementor-widget-container\">\n\t\t\t\t\t\t\t\t\t\t\t\t\t\t\t<img fetchpriority=\"high\" decoding=\"async\" width=\"800\" height=\"431\" src=\"https:\/\/fokalize.com\/wp-content\/uploads\/2024\/10\/foto-para-sustituir-1-1-1-1-1024x552.jpg\" class=\"attachment-large size-large wp-image-2015\" alt=\"\" srcset=\"https:\/\/fokalize.com\/wp-content\/uploads\/2024\/10\/foto-para-sustituir-1-1-1-1-1024x552.jpg 1024w, https:\/\/fokalize.com\/wp-content\/uploads\/2024\/10\/foto-para-sustituir-1-1-1-1-300x162.jpg 300w, https:\/\/fokalize.com\/wp-content\/uploads\/2024\/10\/foto-para-sustituir-1-1-1-1-768x414.jpg 768w, https:\/\/fokalize.com\/wp-content\/uploads\/2024\/10\/foto-para-sustituir-1-1-1-1-1536x827.jpg 1536w, https:\/\/fokalize.com\/wp-content\/uploads\/2024\/10\/foto-para-sustituir-1-1-1-1-2048x1103.jpg 2048w, https:\/\/fokalize.com\/wp-content\/uploads\/2024\/10\/foto-para-sustituir-1-1-1-1-18x10.jpg 18w\" sizes=\"(max-width: 800px) 100vw, 800px\" \/>\t\t\t\t\t\t\t\t\t\t\t\t\t\t\t<\/div>\n\t\t\t\t<\/div>\n\t\t\t\t<\/div>\n\t\t<div class=\"elementor-element elementor-element-ef933f4 e-con-full e-flex e-con e-child\" data-id=\"ef933f4\" data-element_type=\"container\">\n\t\t\t\t<div class=\"elementor-element elementor-element-29e02f4 elementor-widget elementor-widget-heading\" data-id=\"29e02f4\" data-element_type=\"widget\" data-widget_type=\"heading.default\">\n\t\t\t\t<div class=\"elementor-widget-container\">\n\t\t\t\t\t<p class=\"elementor-heading-title elementor-size-default\">18 septembre 2025<\/p>\t\t\t\t<\/div>\n\t\t\t\t<\/div>\n\t\t\t\t<div class=\"elementor-element elementor-element-f679466 elementor-widget elementor-widget-heading\" data-id=\"f679466\" data-element_type=\"widget\" data-widget_type=\"heading.default\">\n\t\t\t\t<div class=\"elementor-widget-container\">\n\t\t\t\t\t<h2 class=\"elementor-heading-title elementor-size-default\">ATELIER LaOLA<\/h2>\t\t\t\t<\/div>\n\t\t\t\t<\/div>\n\t\t\t\t<div class=\"elementor-element elementor-element-71b58f5 elementor-widget elementor-widget-heading\" data-id=\"71b58f5\" data-element_type=\"widget\" data-widget_type=\"heading.default\">\n\t\t\t\t<div class=\"elementor-widget-container\">\n\t\t\t\t\t<p class=\"elementor-heading-title elementor-size-default\">\u00c0 TOULOUSE<\/p>\t\t\t\t<\/div>\n\t\t\t\t<\/div>\n\t\t\t\t<div class=\"elementor-element elementor-element-b7f6f66 elementor-widget elementor-widget-spacer\" data-id=\"b7f6f66\" data-element_type=\"widget\" data-widget_type=\"spacer.default\">\n\t\t\t\t<div class=\"elementor-widget-container\">\n\t\t\t\t\t\t\t<div class=\"elementor-spacer\">\n\t\t\t<div class=\"elementor-spacer-inner\"><\/div>\n\t\t<\/div>\n\t\t\t\t\t\t<\/div>\n\t\t\t\t<\/div>\n\t\t\t\t<div class=\"elementor-element elementor-element-249c3dc elementor-widget elementor-widget-heading\" data-id=\"249c3dc\" data-element_type=\"widget\" data-widget_type=\"heading.default\">\n\t\t\t\t<div class=\"elementor-widget-container\">\n\t\t\t\t\t<p class=\"elementor-heading-title elementor-size-default\">Cet atelier est l&#039;occasion pour les entreprises publiques et priv\u00e9es espagnoles de renforcer leurs liens avec les acteurs du secteur touristique de la r\u00e9gion toulousaine et de d\u00e9couvrir de nouvelles fa\u00e7ons de dynamiser leur activit\u00e9.\n<br><br>\nNous proposons des rendez-vous pr\u00e9programm\u00e9s en fonction de vos pr\u00e9f\u00e9rences, vous donnant l&#039;opportunit\u00e9 de r\u00e9seauter et d&#039;explorer de nouvelles collaborations.<\/p>\t\t\t\t<\/div>\n\t\t\t\t<\/div>\n\t\t\t\t<\/div>\n\t\t\t\t\t<\/div>\n\t\t\t\t<\/div>\n\t\t<div class=\"elementor-element elementor-element-d854e07 e-flex e-con-boxed e-con e-parent\" data-id=\"d854e07\" data-element_type=\"container\">\n\t\t\t\t\t<div class=\"e-con-inner\">\n\t\t\t\t<div class=\"elementor-element elementor-element-161d1fe elementor-hidden-desktop elementor-hidden-tablet elementor-hidden-mobile elementor-widget-divider--view-line elementor-widget elementor-widget-divider\" data-id=\"161d1fe\" data-element_type=\"widget\" data-widget_type=\"divider.default\">\n\t\t\t\t<div class=\"elementor-widget-container\">\n\t\t\t\t\t\t\t<div class=\"elementor-divider\">\n\t\t\t<span class=\"elementor-divider-separator\">\n\t\t\t\t\t\t<\/span>\n\t\t<\/div>\n\t\t\t\t\t\t<\/div>\n\t\t\t\t<\/div>\n\t\t\t\t\t<\/div>\n\t\t\t\t<\/div>\n\t\t<div class=\"elementor-element elementor-element-f6cc5a1 elementor-hidden-desktop elementor-hidden-tablet elementor-hidden-mobile e-flex e-con-boxed e-con e-parent\" data-id=\"f6cc5a1\" data-element_type=\"container\">\n\t\t\t\t\t<div class=\"e-con-inner\">\n\t\t<div class=\"elementor-element elementor-element-103e700 e-con-full e-flex e-con e-child\" data-id=\"103e700\" data-element_type=\"container\">\n\t\t\t\t<div class=\"elementor-element elementor-element-ed53eb0 elementor-widget elementor-widget-image\" data-id=\"ed53eb0\" data-element_type=\"widget\" data-widget_type=\"image.default\">\n\t\t\t\t<div class=\"elementor-widget-container\">\n\t\t\t\t\t\t\t\t\t\t\t\t\t\t\t<img decoding=\"async\" width=\"800\" height=\"346\" src=\"https:\/\/fokalize.com\/wp-content\/uploads\/2025\/05\/IMAGE-ALICANTE-1024x443.jpg\" class=\"attachment-large size-large wp-image-2663\" alt=\"\" srcset=\"https:\/\/fokalize.com\/wp-content\/uploads\/2025\/05\/IMAGE-ALICANTE-1024x443.jpg 1024w, https:\/\/fokalize.com\/wp-content\/uploads\/2025\/05\/IMAGE-ALICANTE-300x130.jpg 300w, https:\/\/fokalize.com\/wp-content\/uploads\/2025\/05\/IMAGE-ALICANTE-768x333.jpg 768w, https:\/\/fokalize.com\/wp-content\/uploads\/2025\/05\/IMAGE-ALICANTE-18x8.jpg 18w, https:\/\/fokalize.com\/wp-content\/uploads\/2025\/05\/IMAGE-ALICANTE.jpg 1254w\" sizes=\"(max-width: 800px) 100vw, 800px\" \/>\t\t\t\t\t\t\t\t\t\t\t\t\t\t\t<\/div>\n\t\t\t\t<\/div>\n\t\t\t\t<\/div>\n\t\t<div class=\"elementor-element elementor-element-3c0e5fb e-con-full e-flex e-con e-child\" data-id=\"3c0e5fb\" data-element_type=\"container\">\n\t\t\t\t<div class=\"elementor-element elementor-element-0fe783d elementor-widget elementor-widget-heading\" data-id=\"0fe783d\" data-element_type=\"widget\" data-widget_type=\"heading.default\">\n\t\t\t\t<div class=\"elementor-widget-container\">\n\t\t\t\t\t<p class=\"elementor-heading-title elementor-size-default\">28 mai 2025<\/p>\t\t\t\t<\/div>\n\t\t\t\t<\/div>\n\t\t\t\t<div class=\"elementor-element elementor-element-d6aaf31 elementor-widget elementor-widget-heading\" data-id=\"d6aaf31\" data-element_type=\"widget\" data-widget_type=\"heading.default\">\n\t\t\t\t<div class=\"elementor-widget-container\">\n\t\t\t\t\t<h2 class=\"elementor-heading-title elementor-size-default\">ATELIER ALICANTE<\/h2>\t\t\t\t<\/div>\n\t\t\t\t<\/div>\n\t\t\t\t<div class=\"elementor-element elementor-element-d492467 elementor-widget elementor-widget-heading\" data-id=\"d492467\" data-element_type=\"widget\" data-widget_type=\"heading.default\">\n\t\t\t\t<div class=\"elementor-widget-container\">\n\t\t\t\t\t<p class=\"elementor-heading-title elementor-size-default\">\u00c0 BARCELONE<\/p>\t\t\t\t<\/div>\n\t\t\t\t<\/div>\n\t\t\t\t<div class=\"elementor-element elementor-element-9142061 elementor-widget elementor-widget-spacer\" data-id=\"9142061\" data-element_type=\"widget\" data-widget_type=\"spacer.default\">\n\t\t\t\t<div class=\"elementor-widget-container\">\n\t\t\t\t\t\t\t<div class=\"elementor-spacer\">\n\t\t\t<div class=\"elementor-spacer-inner\"><\/div>\n\t\t<\/div>\n\t\t\t\t\t\t<\/div>\n\t\t\t\t<\/div>\n\t\t\t\t<div class=\"elementor-element elementor-element-e132aff elementor-widget elementor-widget-heading\" data-id=\"e132aff\" data-element_type=\"widget\" data-widget_type=\"heading.default\">\n\t\t\t\t<div class=\"elementor-widget-container\">\n\t\t\t\t\t<p class=\"elementor-heading-title elementor-size-default\">Cet atelier est une opportunit\u00e9 unique de renforcer vos relations dans le secteur MICE de Barcelone et de d\u00e9couvrir de nouvelles fa\u00e7ons de dynamiser votre entreprise.\n\n<br><br>\n\nRemplissez le formulaire d&#039;inscription et acc\u00e9dez \u00e0 la liste des agences pr\u00e9sentes \u00e0 l&#039;atelier. Indiquez vos pr\u00e9f\u00e9rences et nous organiserons vos rendez-vous.\n\n<\/p>\t\t\t\t<\/div>\n\t\t\t\t<\/div>\n\t\t\t\t<\/div>\n\t\t\t\t\t<\/div>\n\t\t\t\t<\/div>\n\t\t\t\t<\/div>","protected":false},"excerpt":{"rendered":"<p>D\u00c9COUVREZ LES DERNIERS \u00c9V\u00c9NEMENTS ET ACTUALIT\u00c9S 18 septembre 2025 ATELIER LaOLA \u00c0 TOULOUSE Cet atelier offre aux entreprises publiques et priv\u00e9es espagnoles l&#039;opportunit\u00e9 de renforcer leurs liens avec les acteurs du secteur touristique de la r\u00e9gion toulousaine et de d\u00e9couvrir de nouvelles fa\u00e7ons de dynamiser leur activit\u00e9. Nous proposons des rendez-vous pr\u00e9-organis\u00e9s selon vos pr\u00e9f\u00e9rences, pour [\u2026]<\/p>","protected":false},"author":3,"featured_media":0,"parent":0,"menu_order":0,"comment_status":"closed","ping_status":"closed","template":"elementor_header_footer","meta":{"footnotes":""},"class_list":["post-2601","page","type-page","status-publish","hentry"],"yoast_head":"<!-- This site is optimized with the Yoast SEO plugin v26.5 - https:\/\/yoast.com\/wordpress\/plugins\/seo\/ -->\n<title>Eventos - Fokalize<\/title>\n<meta name=\"robots\" content=\"noindex, nofollow\" \/>\n<meta property=\"og:locale\" content=\"fr_FR\" \/>\n<meta property=\"og:type\" content=\"article\" \/>\n<meta property=\"og:title\" content=\"Eventos - Fokalize\" \/>\n<meta property=\"og:description\" content=\"DESCUBRE LOS \u00daLTIMOS EVENTOS Y ACTUALIDADES 18 sept 2025 WORKSHOP LaOLA EN TOULOUSE Este workshop es una oportunidad para empresas p\u00fablicas y privadas espa\u00f1olas para fortalecer sus conexiones con actores del sector tur\u00edstico de la zona de Toulouse y descubrir nuevas formas de impulsar sus negocios. Proponemos citas pre-programadas en funci\u00f3n de sus preferencias, para [&hellip;]\" \/>\n<meta property=\"og:url\" content=\"https:\/\/fokalize.com\/fr\/eventos\/\" \/>\n<meta property=\"og:site_name\" content=\"Fokalize\" \/>\n<meta property=\"article:modified_time\" content=\"2025-12-04T13:17:44+00:00\" \/>\n<meta property=\"og:image\" content=\"https:\/\/fokalize.com\/wp-content\/uploads\/2024\/10\/foto-para-sustituir-1-1-1-1-scaled.jpg\" \/>\n\t<meta property=\"og:image:width\" content=\"2560\" \/>\n\t<meta property=\"og:image:height\" content=\"1379\" \/>\n\t<meta property=\"og:image:type\" content=\"image\/jpeg\" \/>\n<meta name=\"twitter:card\" content=\"summary_large_image\" \/>\n<meta name=\"twitter:label1\" content=\"Dur\u00e9e de lecture estim\u00e9e\" \/>\n\t<meta name=\"twitter:data1\" content=\"1 minute\" \/>\n<script type=\"application\/ld+json\" class=\"yoast-schema-graph\">{\"@context\":\"https:\/\/schema.org\",\"@graph\":[{\"@type\":\"WebPage\",\"@id\":\"https:\/\/fokalize.com\/eventos\/\",\"url\":\"https:\/\/fokalize.com\/eventos\/\",\"name\":\"Eventos - Fokalize\",\"isPartOf\":{\"@id\":\"https:\/\/fokalize.com\/#website\"},\"primaryImageOfPage\":{\"@id\":\"https:\/\/fokalize.com\/eventos\/#primaryimage\"},\"image\":{\"@id\":\"https:\/\/fokalize.com\/eventos\/#primaryimage\"},\"thumbnailUrl\":\"https:\/\/fokalize.com\/wp-content\/uploads\/2024\/10\/foto-para-sustituir-1-1-1-1-1024x552.jpg\",\"datePublished\":\"2025-04-25T11:07:09+00:00\",\"dateModified\":\"2025-12-04T13:17:44+00:00\",\"breadcrumb\":{\"@id\":\"https:\/\/fokalize.com\/eventos\/#breadcrumb\"},\"inLanguage\":\"fr-FR\",\"potentialAction\":[{\"@type\":\"ReadAction\",\"target\":[\"https:\/\/fokalize.com\/eventos\/\"]}]},{\"@type\":\"ImageObject\",\"inLanguage\":\"fr-FR\",\"@id\":\"https:\/\/fokalize.com\/eventos\/#primaryimage\",\"url\":\"https:\/\/fokalize.com\/wp-content\/uploads\/2024\/10\/foto-para-sustituir-1-1-1-1-1024x552.jpg\",\"contentUrl\":\"https:\/\/fokalize.com\/wp-content\/uploads\/2024\/10\/foto-para-sustituir-1-1-1-1-1024x552.jpg\"},{\"@type\":\"BreadcrumbList\",\"@id\":\"https:\/\/fokalize.com\/eventos\/#breadcrumb\",\"itemListElement\":[{\"@type\":\"ListItem\",\"position\":1,\"name\":\"Portada\",\"item\":\"https:\/\/fokalize.com\/\"},{\"@type\":\"ListItem\",\"position\":2,\"name\":\"Eventos\"}]},{\"@type\":\"WebSite\",\"@id\":\"https:\/\/fokalize.com\/#website\",\"url\":\"https:\/\/fokalize.com\/\",\"name\":\"Fokalize\",\"description\":\"\",\"potentialAction\":[{\"@type\":\"SearchAction\",\"target\":{\"@type\":\"EntryPoint\",\"urlTemplate\":\"https:\/\/fokalize.com\/?s={search_term_string}\"},\"query-input\":{\"@type\":\"PropertyValueSpecification\",\"valueRequired\":true,\"valueName\":\"search_term_string\"}}],\"inLanguage\":\"fr-FR\"}]}<\/script>\n<!-- \/ Yoast SEO plugin. -->","yoast_head_json":{"title":"\u00c9v\u00e9nements - Fokalize","robots":{"index":"noindex","follow":"nofollow"},"og_locale":"fr_FR","og_type":"article","og_title":"Eventos - Fokalize","og_description":"DESCUBRE LOS \u00daLTIMOS EVENTOS Y ACTUALIDADES 18 sept 2025 WORKSHOP LaOLA EN TOULOUSE Este workshop es una oportunidad para empresas p\u00fablicas y privadas espa\u00f1olas para fortalecer sus conexiones con actores del sector tur\u00edstico de la zona de Toulouse y descubrir nuevas formas de impulsar sus negocios. Proponemos citas pre-programadas en funci\u00f3n de sus preferencias, para [&hellip;]","og_url":"https:\/\/fokalize.com\/fr\/eventos\/","og_site_name":"Fokalize","article_modified_time":"2025-12-04T13:17:44+00:00","og_image":[{"width":2560,"height":1379,"url":"https:\/\/fokalize.com\/wp-content\/uploads\/2024\/10\/foto-para-sustituir-1-1-1-1-scaled.jpg","type":"image\/jpeg"}],"twitter_card":"summary_large_image","twitter_misc":{"Dur\u00e9e de lecture estim\u00e9e":"1 minute"},"schema":{"@context":"https:\/\/schema.org","@graph":[{"@type":"WebPage","@id":"https:\/\/fokalize.com\/eventos\/","url":"https:\/\/fokalize.com\/eventos\/","name":"\u00c9v\u00e9nements - Fokalize","isPartOf":{"@id":"https:\/\/fokalize.com\/#website"},"primaryImageOfPage":{"@id":"https:\/\/fokalize.com\/eventos\/#primaryimage"},"image":{"@id":"https:\/\/fokalize.com\/eventos\/#primaryimage"},"thumbnailUrl":"https:\/\/fokalize.com\/wp-content\/uploads\/2024\/10\/foto-para-sustituir-1-1-1-1-1024x552.jpg","datePublished":"2025-04-25T11:07:09+00:00","dateModified":"2025-12-04T13:17:44+00:00","breadcrumb":{"@id":"https:\/\/fokalize.com\/eventos\/#breadcrumb"},"inLanguage":"fr-FR","potentialAction":[{"@type":"ReadAction","target":["https:\/\/fokalize.com\/eventos\/"]}]},{"@type":"ImageObject","inLanguage":"fr-FR","@id":"https:\/\/fokalize.com\/eventos\/#primaryimage","url":"https:\/\/fokalize.com\/wp-content\/uploads\/2024\/10\/foto-para-sustituir-1-1-1-1-1024x552.jpg","contentUrl":"https:\/\/fokalize.com\/wp-content\/uploads\/2024\/10\/foto-para-sustituir-1-1-1-1-1024x552.jpg"},{"@type":"BreadcrumbList","@id":"https:\/\/fokalize.com\/eventos\/#breadcrumb","itemListElement":[{"@type":"ListItem","position":1,"name":"Portada","item":"https:\/\/fokalize.com\/"},{"@type":"ListItem","position":2,"name":"Eventos"}]},{"@type":"WebSite","@id":"https:\/\/fokalize.com\/#website","url":"https:\/\/fokalize.com\/","name":"Fokaliser","description":"","potentialAction":[{"@type":"SearchAction","target":{"@type":"EntryPoint","urlTemplate":"https:\/\/fokalize.com\/?s={search_term_string}"},"query-input":{"@type":"PropertyValueSpecification","valueRequired":true,"valueName":"search_term_string"}}],"inLanguage":"fr-FR"}]}},"_links":{"self":[{"href":"https:\/\/fokalize.com\/fr\/wp-json\/wp\/v2\/pages\/2601","targetHints":{"allow":["GET"]}}],"collection":[{"href":"https:\/\/fokalize.com\/fr\/wp-json\/wp\/v2\/pages"}],"about":[{"href":"https:\/\/fokalize.com\/fr\/wp-json\/wp\/v2\/types\/page"}],"author":[{"embeddable":true,"href":"https:\/\/fokalize.com\/fr\/wp-json\/wp\/v2\/users\/3"}],"replies":[{"embeddable":true,"href":"https:\/\/fokalize.com\/fr\/wp-json\/wp\/v2\/comments?post=2601"}],"version-history":[{"count":46,"href":"https:\/\/fokalize.com\/fr\/wp-json\/wp\/v2\/pages\/2601\/revisions"}],"predecessor-version":[{"id":3762,"href":"https:\/\/fokalize.com\/fr\/wp-json\/wp\/v2\/pages\/2601\/revisions\/3762"}],"wp:attachment":[{"href":"https:\/\/fokalize.com\/fr\/wp-json\/wp\/v2\/media?parent=2601"}],"curies":[{"name":"wp","href":"https:\/\/api.w.org\/{rel}","templated":true}]}}