{"id":2072,"date":"2024-10-09T09:20:11","date_gmt":"2024-10-09T09:20:11","guid":{"rendered":"https:\/\/fokalize.com\/?page_id=2072"},"modified":"2025-10-27T14:55:38","modified_gmt":"2025-10-27T13:55:38","slug":"formulario-y-inscripcion","status":"publish","type":"page","link":"https:\/\/fokalize.com\/fr\/formulario-y-inscripcion\/","title":{"rendered":"Formulaire et inscription"},"content":{"rendered":"<div data-elementor-type=\"wp-page\" data-elementor-id=\"2072\" class=\"elementor elementor-2072\" data-elementor-post-type=\"page\">\n\t\t\t\t<div class=\"elementor-element elementor-element-03e8bd8 e-flex e-con-boxed e-con e-parent\" data-id=\"03e8bd8\" data-element_type=\"container\">\n\t\t\t\t\t<div class=\"e-con-inner\">\n\t\t<div class=\"elementor-element elementor-element-1678f9c e-con-full e-flex e-con e-child\" data-id=\"1678f9c\" data-element_type=\"container\">\n\t\t\t\t<div class=\"elementor-element elementor-element-4ffc54f elementor-widget elementor-widget-heading\" data-id=\"4ffc54f\" data-element_type=\"widget\" data-widget_type=\"heading.default\">\n\t\t\t\t<div class=\"elementor-widget-container\">\n\t\t\t\t\t<h2 class=\"elementor-heading-title elementor-size-default\">CONTRAT D\u2019INSCRIPTION A L\u2019ATELIER laOLA Toulouse \u2013 18 septembre 2025\n<\/h2>\t\t\t\t<\/div>\n\t\t\t\t<\/div>\n\t\t\t\t<div class=\"elementor-element elementor-element-35e2e86 elementor-button-align-stretch elementor-widget elementor-widget-form\" data-id=\"35e2e86\" data-element_type=\"widget\" data-settings=\"{&quot;step_next_label&quot;:&quot;Next&quot;,&quot;step_previous_label&quot;:&quot;Previous&quot;,&quot;button_width&quot;:&quot;33&quot;,&quot;step_type&quot;:&quot;number_text&quot;,&quot;step_icon_shape&quot;:&quot;circle&quot;}\" data-widget_type=\"form.default\">\n\t\t\t\t<div class=\"elementor-widget-container\">\n\t\t\t\t\t\t\t<form class=\"elementor-form\" method=\"post\" name=\"CONTRATO DE INSCRIPCI\u00d3N WORKSHOP laOLA Toulouse \u2013 18 de septiembre 2025\" aria-label=\"CONTRAT D\u2019INSCRIPTION A L\u2019ATELIER laOLA Toulouse \u2013 18 septembre 2025\" action=\"\">\n\t\t\t<input type=\"hidden\" name=\"post_id\" value=\"2072\"\/>\n\t\t\t<input type=\"hidden\" name=\"form_id\" value=\"35e2e86\"\/>\n\t\t\t<input type=\"hidden\" name=\"referer_title\" value=\"Formulario y Inscripci\u00f3n - Fokalize\" \/>\n\n\t\t\t\t\t\t\t<input type=\"hidden\" name=\"queried_id\" value=\"2072\"\/>\n\t\t\t\n\t\t\t<div class=\"elementor-form-fields-wrapper elementor-labels-above\">\n\t\t\t\t\t\t\t\t<div class=\"elementor-field-type-text elementor-field-group elementor-column elementor-field-group-name elementor-col-100\">\n\t\t\t\t\t\t\t\t\t\t\t\t<label for=\"form-field-name\" class=\"elementor-field-label\">\n\t\t\t\t\t\t\t\tEntreprise participante :\t\t\t\t\t\t\t<\/label>\n\t\t\t\t\t\t\t\t\t\t\t\t\t\t<input size=\"1\" type=\"text\" name=\"form_fields[name]\" id=\"form-field-name\" class=\"elementor-field elementor-size-xs  elementor-field-textual\" placeholder=\"Nom\">\n\t\t\t\t\t\t\t\t\t\t\t<\/div>\n\t\t\t\t\t\t\t\t<div class=\"elementor-field-type-text elementor-field-group elementor-column elementor-field-group-field_87a5b2c elementor-col-100\">\n\t\t\t\t\t\t\t\t\t\t\t\t<label for=\"form-field-field_87a5b2c\" class=\"elementor-field-label\">\n\t\t\t\t\t\t\t\tNom de l&#039;entreprise:\t\t\t\t\t\t\t<\/label>\n\t\t\t\t\t\t\t\t\t\t\t\t\t\t<input size=\"1\" type=\"text\" name=\"form_fields[field_87a5b2c]\" id=\"form-field-field_87a5b2c\" class=\"elementor-field elementor-size-xs  elementor-field-textual\" placeholder=\"Raison\">\n\t\t\t\t\t\t\t\t\t\t\t<\/div>\n\t\t\t\t\t\t\t\t<div class=\"elementor-field-type-text elementor-field-group elementor-column elementor-field-group-field_72dd784 elementor-col-100\">\n\t\t\t\t\t\t\t\t\t\t\t\t<label for=\"form-field-field_72dd784\" class=\"elementor-field-label\">\n\t\t\t\t\t\t\t\tNum\u00e9ro d&#039;identification fiscale\u00a0: \t\t\t\t\t\t\t<\/label>\n\t\t\t\t\t\t\t\t\t\t\t\t\t\t<input size=\"1\" type=\"text\" name=\"form_fields[field_72dd784]\" id=\"form-field-field_72dd784\" class=\"elementor-field elementor-size-xs  elementor-field-textual\" placeholder=\"Nombre\">\n\t\t\t\t\t\t\t\t\t\t\t<\/div>\n\t\t\t\t\t\t\t\t<div class=\"elementor-field-type-text elementor-field-group elementor-column elementor-field-group-field_ce3bc87 elementor-col-100\">\n\t\t\t\t\t\t\t\t\t\t\t\t<label for=\"form-field-field_ce3bc87\" class=\"elementor-field-label\">\n\t\t\t\t\t\t\t\tAdresse:\t\t\t\t\t\t\t<\/label>\n\t\t\t\t\t\t\t\t\t\t\t\t\t\t<input size=\"1\" type=\"text\" name=\"form_fields[field_ce3bc87]\" id=\"form-field-field_ce3bc87\" class=\"elementor-field elementor-size-xs  elementor-field-textual\" placeholder=\"Nom\">\n\t\t\t\t\t\t\t\t\t\t\t<\/div>\n\t\t\t\t\t\t\t\t<div class=\"elementor-field-type-text elementor-field-group elementor-column elementor-field-group-field_4080a7f elementor-col-100\">\n\t\t\t\t\t\t\t\t\t\t\t\t<label for=\"form-field-field_4080a7f\" class=\"elementor-field-label\">\n\t\t\t\t\t\t\t\tCP\u00a0:\t\t\t\t\t\t\t\t<\/label>\n\t\t\t\t\t\t\t\t\t\t\t\t\t\t<input size=\"1\" type=\"text\" name=\"form_fields[field_4080a7f]\" id=\"form-field-field_4080a7f\" class=\"elementor-field elementor-size-xs  elementor-field-textual\" placeholder=\"Nom\">\n\t\t\t\t\t\t\t\t\t\t\t<\/div>\n\t\t\t\t\t\t\t\t<div class=\"elementor-field-type-text elementor-field-group elementor-column elementor-field-group-field_0092bd1 elementor-col-100\">\n\t\t\t\t\t\t\t\t\t\t\t\t<label for=\"form-field-field_0092bd1\" class=\"elementor-field-label\">\n\t\t\t\t\t\t\t\tVille:\t\t\t\t\t\t\t<\/label>\n\t\t\t\t\t\t\t\t\t\t\t\t\t\t<input size=\"1\" type=\"text\" name=\"form_fields[field_0092bd1]\" id=\"form-field-field_0092bd1\" class=\"elementor-field elementor-size-xs  elementor-field-textual\" placeholder=\"Nom\">\n\t\t\t\t\t\t\t\t\t\t\t<\/div>\n\t\t\t\t\t\t\t\t<div class=\"elementor-field-type-text elementor-field-group elementor-column elementor-field-group-field_3fbe888 elementor-col-100\">\n\t\t\t\t\t\t\t\t\t\t\t\t<label for=\"form-field-field_3fbe888\" class=\"elementor-field-label\">\n\t\t\t\t\t\t\t\tType d&#039;entreprise : Publique ou priv\u00e9e (classification par secteur).\t\t\t\t\t\t\t<\/label>\n\t\t\t\t\t\t\t\t\t\t\t\t\t\t<input size=\"1\" type=\"text\" name=\"form_fields[field_3fbe888]\" id=\"form-field-field_3fbe888\" class=\"elementor-field elementor-size-xs  elementor-field-textual\" placeholder=\"Nom\">\n\t\t\t\t\t\t\t\t\t\t\t<\/div>\n\t\t\t\t\t\t\t\t<div class=\"elementor-field-type-checkbox elementor-field-group elementor-column elementor-field-group-field_cb69098 elementor-col-100\">\n\t\t\t\t\t\t\t\t\t\t\t\t<label for=\"form-field-field_cb69098\" class=\"elementor-field-label\">\n\t\t\t\t\t\t\t\tSecteur d&#039;activit\u00e9 : \t\t\t\t\t\t\t<\/label>\n\t\t\t\t\t\t<div class=\"elementor-field-subgroup  elementor-subgroup-inline\"><span class=\"elementor-field-option\"><input type=\"checkbox\" value=\"Agencia de viajes                       \" id=\"form-field-field_cb69098-0\" name=\"form_fields[field_cb69098][]\"> <label for=\"form-field-field_cb69098-0\">Agence de voyage                       <\/label><\/span><span class=\"elementor-field-option\"><input type=\"checkbox\" value=\"Hoteler\u00eda                  \" id=\"form-field-field_cb69098-1\" name=\"form_fields[field_cb69098][]\"> <label for=\"form-field-field_cb69098-1\">Hospitalit\u00e9                  <\/label><\/span><span class=\"elementor-field-option\"><input type=\"checkbox\" value=\"Patronato de turismo         \" id=\"form-field-field_cb69098-2\" name=\"form_fields[field_cb69098][]\"> <label for=\"form-field-field_cb69098-2\">office du tourisme         <\/label><\/span><span class=\"elementor-field-option\"><input type=\"checkbox\" value=\"Convention Bureau              \" id=\"form-field-field_cb69098-3\" name=\"form_fields[field_cb69098][]\"> <label for=\"form-field-field_cb69098-3\">Bureau des congr\u00e8s              <\/label><\/span><span class=\"elementor-field-option\"><input type=\"checkbox\" value=\"Atractivo tur\u00edstico\t             \" id=\"form-field-field_cb69098-4\" name=\"form_fields[field_cb69098][]\"> <label for=\"form-field-field_cb69098-4\">Attraction touristique\t             <\/label><\/span><span class=\"elementor-field-option\"><input type=\"checkbox\" value=\"Parque de atracciones\/ tem\u00e1tico\" id=\"form-field-field_cb69098-5\" name=\"form_fields[field_cb69098][]\"> <label for=\"form-field-field_cb69098-5\">Parc d&#039;attractions\/\u00e0 th\u00e8me<\/label><\/span><\/div>\t\t\t\t<\/div>\n\t\t\t\t\t\t\t\t<div class=\"elementor-field-type-text elementor-field-group elementor-column elementor-field-group-field_d7dcf0f elementor-col-100\">\n\t\t\t\t\t\t\t\t\t\t\t\t<label for=\"form-field-field_d7dcf0f\" class=\"elementor-field-label\">\n\t\t\t\t\t\t\t\tPersonne de contact: \t\t\t\t\t\t\t<\/label>\n\t\t\t\t\t\t\t\t\t\t\t\t\t\t<input size=\"1\" type=\"text\" name=\"form_fields[field_d7dcf0f]\" id=\"form-field-field_d7dcf0f\" class=\"elementor-field elementor-size-xs  elementor-field-textual\" placeholder=\"Nom\">\n\t\t\t\t\t\t\t\t\t\t\t<\/div>\n\t\t\t\t\t\t\t\t<div class=\"elementor-field-type-text elementor-field-group elementor-column elementor-field-group-field_42c7d74 elementor-col-100\">\n\t\t\t\t\t\t\t\t\t\t\t\t<label for=\"form-field-field_42c7d74\" class=\"elementor-field-label\">\n\t\t\t\t\t\t\t\tPoste: \t\t\t\t\t\t\t<\/label>\n\t\t\t\t\t\t\t\t\t\t\t\t\t\t<input size=\"1\" type=\"text\" name=\"form_fields[field_42c7d74]\" id=\"form-field-field_42c7d74\" class=\"elementor-field elementor-size-xs  elementor-field-textual\" placeholder=\"Nom\">\n\t\t\t\t\t\t\t\t\t\t\t<\/div>\n\t\t\t\t\t\t\t\t<div class=\"elementor-field-type-tel elementor-field-group elementor-column elementor-field-group-field_c5f4baa elementor-col-100\">\n\t\t\t\t\t\t\t\t\t\t\t\t<label for=\"form-field-field_c5f4baa\" class=\"elementor-field-label\">\n\t\t\t\t\t\t\t\tT\u00e9l\u00e9phone: \t\t\t\t\t\t\t<\/label>\n\t\t\t\t\t\t\t\t<input size=\"1\" type=\"tel\" name=\"form_fields[field_c5f4baa]\" id=\"form-field-field_c5f4baa\" class=\"elementor-field elementor-size-xs  elementor-field-textual\" placeholder=\"Nombre\" pattern=\"[0-9()#&amp;+*-=.]+\" title=\"Seuls les num\u00e9ros de t\u00e9l\u00e9phone et les caract\u00e8res sont accept\u00e9s (#, -, *, etc.).\">\n\n\t\t\t\t\t\t<\/div>\n\t\t\t\t\t\t\t\t<div class=\"elementor-field-type-email elementor-field-group elementor-column elementor-field-group-email elementor-col-100 elementor-field-required\">\n\t\t\t\t\t\t\t\t\t\t\t\t<label for=\"form-field-email\" class=\"elementor-field-label\">\n\t\t\t\t\t\t\t\tE-mail\t\t\t\t\t\t\t<\/label>\n\t\t\t\t\t\t\t\t\t\t\t\t\t\t<input size=\"1\" type=\"email\" name=\"form_fields[email]\" id=\"form-field-email\" class=\"elementor-field elementor-size-xs  elementor-field-textual\" placeholder=\"E-mail\" required=\"required\">\n\t\t\t\t\t\t\t\t\t\t\t<\/div>\n\t\t\t\t\t\t\t\t<div class=\"elementor-field-type-text elementor-field-group elementor-column elementor-field-group-field_1612972 elementor-col-100 elementor-field-required\">\n\t\t\t\t\t\t\t\t\t\t\t\t<label for=\"form-field-field_1612972\" class=\"elementor-field-label\">\n\t\t\t\t\t\t\t\tInformations commerciales\t\t\t\t\t\t\t<\/label>\n\t\t\t\t\t\t\t\t\t\t\t\t\t\t<input size=\"1\" type=\"text\" name=\"form_fields[field_1612972]\" id=\"form-field-field_1612972\" class=\"elementor-field elementor-size-xs  elementor-field-textual\" placeholder=\"Segments d&#039;int\u00e9r\u00eat\u00a0:\" required=\"required\">\n\t\t\t\t\t\t\t\t\t\t\t<\/div>\n\t\t\t\t\t\t\t\t<div class=\"elementor-field-type-html elementor-field-group elementor-column elementor-field-group-field_4c0aa53 elementor-col-100\">\n\t\t\t\t\tTarifs :\t\t\t\t<\/div>\n\t\t\t\t\t\t\t\t<div class=\"elementor-field-type-html elementor-field-group elementor-column elementor-field-group-field_3cb1b6e elementor-col-100\">\n\t\t\t\t\t Table de travail Atelier laOLA Toulouse 2025 : 2 450 \u20ac + TVA\t\t\t\t<\/div>\n\t\t\t\t\t\t\t\t<div class=\"elementor-field-type-checkbox elementor-field-group elementor-column elementor-field-group-field_c8eaafd elementor-col-30\">\n\t\t\t\t\t<div class=\"elementor-field-subgroup  elementor-subgroup-inline\"><span class=\"elementor-field-option\"><input type=\"checkbox\" value=\"1 mesa\" id=\"form-field-field_c8eaafd-0\" name=\"form_fields[field_c8eaafd][]\"> <label for=\"form-field-field_c8eaafd-0\">1 tableau<\/label><\/span><span class=\"elementor-field-option\"><input type=\"checkbox\" value=\"2 mesas\" id=\"form-field-field_c8eaafd-1\" name=\"form_fields[field_c8eaafd][]\"> <label for=\"form-field-field_c8eaafd-1\">2 tableaux<\/label><\/span><span class=\"elementor-field-option\"><input type=\"checkbox\" value=\"3 mesas\" id=\"form-field-field_c8eaafd-2\" name=\"form_fields[field_c8eaafd][]\"> <label for=\"form-field-field_c8eaafd-2\">3 tableaux<\/label><\/span><\/div>\t\t\t\t<\/div>\n\t\t\t\t\t\t\t\t<div class=\"elementor-field-type-text elementor-field-group elementor-column elementor-field-group-field_fe20e6b elementor-col-20 elementor-field-required\">\n\t\t\t\t\t\t\t\t\t\t\t\t<label for=\"form-field-field_fe20e6b\" class=\"elementor-field-label\">\n\t\t\t\t\t\t\t\tAutre montant\t\t\t\t\t\t\t<\/label>\n\t\t\t\t\t\t\t\t\t\t\t\t\t\t<input size=\"1\" type=\"text\" name=\"form_fields[field_fe20e6b]\" id=\"form-field-field_fe20e6b\" class=\"elementor-field elementor-size-xs  elementor-field-textual\" required=\"required\">\n\t\t\t\t\t\t\t\t\t\t\t<\/div>\n\t\t\t\t\t\t\t\t<div class=\"elementor-field-type-checkbox elementor-field-group elementor-column elementor-field-group-field_9424c51 elementor-col-100\">\n\t\t\t\t\t\t\t\t\t\t\t\t<label for=\"form-field-field_9424c51\" class=\"elementor-field-label\">\n\t\t\t\t\t\t\t\tPass Exposant Suppl\u00e9mentaire (1 personne suppl\u00e9mentaire de la m\u00eame entreprise) : +200\u20ac + TVA (\u00e0 r\u00e9gler lors du 2\u00e8me versement) :\t\t\t\t\t\t\t<\/label>\n\t\t\t\t\t\t<div class=\"elementor-field-subgroup  elementor-subgroup-inline\"><span class=\"elementor-field-option\"><input type=\"checkbox\" value=\"Si\" id=\"form-field-field_9424c51-0\" name=\"form_fields[field_9424c51][]\"> <label for=\"form-field-field_9424c51-0\">Ouais<\/label><\/span><span class=\"elementor-field-option\"><input type=\"checkbox\" value=\"No\" id=\"form-field-field_9424c51-1\" name=\"form_fields[field_9424c51][]\"> <label for=\"form-field-field_9424c51-1\">Non<\/label><\/span><\/div>\t\t\t\t<\/div>\n\t\t\t\t\t\t\t\t<div class=\"elementor-field-type-html elementor-field-group elementor-column elementor-field-group-field_2109e60 elementor-col-100\">\n\t\t\t\t\tTable partag\u00e9e : 3 000 \u20ac + TVA (Deux (2) entit\u00e9s priv\u00e9es diff\u00e9rentes. Entit\u00e9s publiques et promotionnelles exclues) :\t\t\t\t<\/div>\n\t\t\t\t\t\t\t\t<div class=\"elementor-field-type-checkbox elementor-field-group elementor-column elementor-field-group-field_b2207cb elementor-col-30\">\n\t\t\t\t\t<div class=\"elementor-field-subgroup  elementor-subgroup-inline\"><span class=\"elementor-field-option\"><input type=\"checkbox\" value=\"1 mesa\" id=\"form-field-field_b2207cb-0\" name=\"form_fields[field_b2207cb][]\"> <label for=\"form-field-field_b2207cb-0\">1 tableau<\/label><\/span><span class=\"elementor-field-option\"><input type=\"checkbox\" value=\"2 mesas\" id=\"form-field-field_b2207cb-1\" name=\"form_fields[field_b2207cb][]\"> <label for=\"form-field-field_b2207cb-1\">2 tableaux<\/label><\/span><span class=\"elementor-field-option\"><input type=\"checkbox\" value=\"3 mesas\" id=\"form-field-field_b2207cb-2\" name=\"form_fields[field_b2207cb][]\"> <label for=\"form-field-field_b2207cb-2\">3 tableaux<\/label><\/span><\/div>\t\t\t\t<\/div>\n\t\t\t\t\t\t\t\t<div class=\"elementor-field-type-text elementor-field-group elementor-column elementor-field-group-field_99eee37 elementor-col-20 elementor-field-required\">\n\t\t\t\t\t\t\t\t\t\t\t\t<label for=\"form-field-field_99eee37\" class=\"elementor-field-label\">\n\t\t\t\t\t\t\t\tAutre montant\t\t\t\t\t\t\t<\/label>\n\t\t\t\t\t\t\t\t\t\t\t\t\t\t<input size=\"1\" type=\"text\" name=\"form_fields[field_99eee37]\" id=\"form-field-field_99eee37\" class=\"elementor-field elementor-size-xs  elementor-field-textual\" required=\"required\">\n\t\t\t\t\t\t\t\t\t\t\t<\/div>\n\t\t\t\t\t\t\t\t<div class=\"elementor-field-type-checkbox elementor-field-group elementor-column elementor-field-group-field_3aa5e29 elementor-col-100\">\n\t\t\t\t\t\t\t\t\t\t\t\t<label for=\"form-field-field_3aa5e29\" class=\"elementor-field-label\">\n\t\t\t\t\t\t\t\tPr\u00e9sentation de la destination : 450 \u20ac + TVA (\u00e0 r\u00e9gler lors du 2\u00e8me versement)   \t\t\t\t\t\t\t<\/label>\n\t\t\t\t\t\t<div class=\"elementor-field-subgroup  elementor-subgroup-inline\"><span class=\"elementor-field-option\"><input type=\"checkbox\" value=\"Si\" id=\"form-field-field_3aa5e29-0\" name=\"form_fields[field_3aa5e29][]\"> <label for=\"form-field-field_3aa5e29-0\">Ouais<\/label><\/span><span class=\"elementor-field-option\"><input type=\"checkbox\" value=\"No\" id=\"form-field-field_3aa5e29-1\" name=\"form_fields[field_3aa5e29][]\"> <label for=\"form-field-field_3aa5e29-1\">Non<\/label><\/span><\/div>\t\t\t\t<\/div>\n\t\t\t\t\t\t\t\t<div class=\"elementor-field-type-text elementor-field-group elementor-column elementor-field-group-field_c9f540f elementor-col-100 elementor-field-required\">\n\t\t\t\t\t\t\t\t\t\t\t\t<label for=\"form-field-field_c9f540f\" class=\"elementor-field-label\">\n\t\t\t\t\t\t\t\tMontant total des options acquises : (\u20ac) Euros\t\t\t\t\t\t\t<\/label>\n\t\t\t\t\t\t\t\t\t\t\t\t\t\t<input size=\"1\" type=\"text\" name=\"form_fields[field_c9f540f]\" id=\"form-field-field_c9f540f\" class=\"elementor-field elementor-size-xs  elementor-field-textual\" placeholder=\"Montant\" required=\"required\">\n\t\t\t\t\t\t\t\t\t\t\t<\/div>\n\t\t\t\t\t\t\t\t<div class=\"elementor-field-type-html elementor-field-group elementor-column elementor-field-group-field_3eb6dda elementor-col-100\">\n\t\t\t\t\tModalit\u00e9s de paiement :\u00a0\n<br>\n1er versement au moment de l\u2019inscription \u2013 35 % du total\n<br>\n2\u00e8me versement \u2013 \u00e0 verser maximum le 18 mai 2025 : les 65% restants\t\t\t\t<\/div>\n\t\t\t\t\t\t\t\t<div class=\"elementor-field-type-html elementor-field-group elementor-column elementor-field-group-field_3c11023 elementor-col-100\">\n\t\t\t\t\tIMPORTANT : La signature de ce document par l&#039;entreprise participante entra\u00eene l&#039;acceptation des Conditions G\u00e9n\u00e9rales de Participation\t\t\t\t<\/div>\n\t\t\t\t\t\t\t\t<div class=\"elementor-field-type-text\">\n\t\t\t\t\t<input size=\"1\" type=\"text\" name=\"form_fields[field_01a459b]\" id=\"form-field-field_01a459b\" class=\"elementor-field elementor-size-xs\" style=\"display:none !important;\">\t\t\t\t<\/div>\n\t\t\t\t\t\t\t\t<div class=\"elementor-field-type-recaptcha_v3 elementor-field-group elementor-column elementor-field-group-field_b9606dc elementor-col-100 recaptcha_v3-bottomleft\">\n\t\t\t\t\t<div class=\"elementor-field\" id=\"form-field-field_b9606dc\"><div class=\"elementor-g-recaptcha\" data-sitekey=\"6LdK1mgqAAAAANCaQbtn7vLfzY4fGG_CHjtLPq9g\" data-type=\"v3\" data-action=\"Form\" data-badge=\"bottomleft\" data-size=\"invisible\"><\/div><\/div>\t\t\t\t<\/div>\n\t\t\t\t\t\t\t\t<div class=\"elementor-field-group elementor-column elementor-field-type-submit elementor-col-33 e-form__buttons\">\n\t\t\t\t\t<button class=\"elementor-button elementor-size-xs\" type=\"submit\">\n\t\t\t\t\t\t<span class=\"elementor-button-content-wrapper\">\n\t\t\t\t\t\t\t\t\t\t\t\t\t\t\t\t\t\t\t\t\t\t<span class=\"elementor-button-text\">Envoyer<\/span>\n\t\t\t\t\t\t\t\t\t\t\t\t\t<\/span>\n\t\t\t\t\t<\/button>\n\t\t\t\t<\/div>\n\t\t\t<\/div>\n\t\t<input type=\"hidden\" name=\"trp-form-language\" value=\"fr\"\/><\/form>\n\t\t\t\t\t\t<\/div>\n\t\t\t\t<\/div>\n\t\t\t\t<\/div>\n\t\t\t\t\t<\/div>\n\t\t\t\t<\/div>\n\t\t\t\t<\/div>","protected":false},"excerpt":{"rendered":"<p>CONTRAT D\u2019INSCRIPTION A L\u2019ATELIER laOLA Toulouse \u2013 18 septembre 2025<\/p>","protected":false},"author":3,"featured_media":0,"parent":0,"menu_order":0,"comment_status":"closed","ping_status":"closed","template":"","meta":{"footnotes":""},"class_list":["post-2072","page","type-page","status-publish","hentry"],"yoast_head":"<!-- This site is optimized with the Yoast SEO plugin v26.5 - https:\/\/yoast.com\/wordpress\/plugins\/seo\/ -->\n<title>Formulario y Inscripci\u00f3n - Fokalize<\/title>\n<meta name=\"robots\" content=\"index, follow, max-snippet:-1, max-image-preview:large, max-video-preview:-1\" \/>\n<link rel=\"canonical\" href=\"https:\/\/fokalize.com\/fr\/formulario-y-inscripcion\/\" \/>\n<meta property=\"og:locale\" content=\"fr_FR\" \/>\n<meta property=\"og:type\" content=\"article\" \/>\n<meta property=\"og:title\" content=\"Formulario y Inscripci\u00f3n - Fokalize\" \/>\n<meta property=\"og:description\" content=\"CONTRATO DE INSCRIPCI\u00d3N WORKSHOP laOLA Toulouse \u2013 18 de septiembre 2025\" \/>\n<meta property=\"og:url\" content=\"https:\/\/fokalize.com\/fr\/formulario-y-inscripcion\/\" \/>\n<meta property=\"og:site_name\" content=\"Fokalize\" \/>\n<meta property=\"article:modified_time\" content=\"2025-10-27T13:55:38+00:00\" \/>\n<meta name=\"twitter:card\" content=\"summary_large_image\" \/>\n<meta name=\"twitter:label1\" content=\"Dur\u00e9e de lecture estim\u00e9e\" \/>\n\t<meta name=\"twitter:data1\" content=\"1 minute\" \/>\n<script type=\"application\/ld+json\" class=\"yoast-schema-graph\">{\"@context\":\"https:\/\/schema.org\",\"@graph\":[{\"@type\":\"WebPage\",\"@id\":\"https:\/\/fokalize.com\/formulario-y-inscripcion\/\",\"url\":\"https:\/\/fokalize.com\/formulario-y-inscripcion\/\",\"name\":\"Formulario y Inscripci\u00f3n - Fokalize\",\"isPartOf\":{\"@id\":\"https:\/\/fokalize.com\/#website\"},\"datePublished\":\"2024-10-09T09:20:11+00:00\",\"dateModified\":\"2025-10-27T13:55:38+00:00\",\"breadcrumb\":{\"@id\":\"https:\/\/fokalize.com\/formulario-y-inscripcion\/#breadcrumb\"},\"inLanguage\":\"fr-FR\",\"potentialAction\":[{\"@type\":\"ReadAction\",\"target\":[\"https:\/\/fokalize.com\/formulario-y-inscripcion\/\"]}]},{\"@type\":\"BreadcrumbList\",\"@id\":\"https:\/\/fokalize.com\/formulario-y-inscripcion\/#breadcrumb\",\"itemListElement\":[{\"@type\":\"ListItem\",\"position\":1,\"name\":\"Portada\",\"item\":\"https:\/\/fokalize.com\/\"},{\"@type\":\"ListItem\",\"position\":2,\"name\":\"Formulario y Inscripci\u00f3n\"}]},{\"@type\":\"WebSite\",\"@id\":\"https:\/\/fokalize.com\/#website\",\"url\":\"https:\/\/fokalize.com\/\",\"name\":\"Fokalize\",\"description\":\"\",\"potentialAction\":[{\"@type\":\"SearchAction\",\"target\":{\"@type\":\"EntryPoint\",\"urlTemplate\":\"https:\/\/fokalize.com\/?s={search_term_string}\"},\"query-input\":{\"@type\":\"PropertyValueSpecification\",\"valueRequired\":true,\"valueName\":\"search_term_string\"}}],\"inLanguage\":\"fr-FR\"}]}<\/script>\n<!-- \/ Yoast SEO plugin. -->","yoast_head_json":{"title":"Formulario y Inscripci\u00f3n - Fokalize","robots":{"index":"index","follow":"follow","max-snippet":"max-snippet:-1","max-image-preview":"max-image-preview:large","max-video-preview":"max-video-preview:-1"},"canonical":"https:\/\/fokalize.com\/fr\/formulario-y-inscripcion\/","og_locale":"fr_FR","og_type":"article","og_title":"Formulario y Inscripci\u00f3n - Fokalize","og_description":"CONTRATO DE INSCRIPCI\u00d3N WORKSHOP laOLA Toulouse \u2013 18 de septiembre 2025","og_url":"https:\/\/fokalize.com\/fr\/formulario-y-inscripcion\/","og_site_name":"Fokalize","article_modified_time":"2025-10-27T13:55:38+00:00","twitter_card":"summary_large_image","twitter_misc":{"Dur\u00e9e de lecture estim\u00e9e":"1 minute"},"schema":{"@context":"https:\/\/schema.org","@graph":[{"@type":"WebPage","@id":"https:\/\/fokalize.com\/formulario-y-inscripcion\/","url":"https:\/\/fokalize.com\/formulario-y-inscripcion\/","name":"Formulario y Inscripci\u00f3n - Fokalize","isPartOf":{"@id":"https:\/\/fokalize.com\/#website"},"datePublished":"2024-10-09T09:20:11+00:00","dateModified":"2025-10-27T13:55:38+00:00","breadcrumb":{"@id":"https:\/\/fokalize.com\/formulario-y-inscripcion\/#breadcrumb"},"inLanguage":"fr-FR","potentialAction":[{"@type":"ReadAction","target":["https:\/\/fokalize.com\/formulario-y-inscripcion\/"]}]},{"@type":"BreadcrumbList","@id":"https:\/\/fokalize.com\/formulario-y-inscripcion\/#breadcrumb","itemListElement":[{"@type":"ListItem","position":1,"name":"Portada","item":"https:\/\/fokalize.com\/"},{"@type":"ListItem","position":2,"name":"Formulario y Inscripci\u00f3n"}]},{"@type":"WebSite","@id":"https:\/\/fokalize.com\/#website","url":"https:\/\/fokalize.com\/","name":"Fokaliser","description":"","potentialAction":[{"@type":"SearchAction","target":{"@type":"EntryPoint","urlTemplate":"https:\/\/fokalize.com\/?s={search_term_string}"},"query-input":{"@type":"PropertyValueSpecification","valueRequired":true,"valueName":"search_term_string"}}],"inLanguage":"fr-FR"}]}},"_links":{"self":[{"href":"https:\/\/fokalize.com\/fr\/wp-json\/wp\/v2\/pages\/2072","targetHints":{"allow":["GET"]}}],"collection":[{"href":"https:\/\/fokalize.com\/fr\/wp-json\/wp\/v2\/pages"}],"about":[{"href":"https:\/\/fokalize.com\/fr\/wp-json\/wp\/v2\/types\/page"}],"author":[{"embeddable":true,"href":"https:\/\/fokalize.com\/fr\/wp-json\/wp\/v2\/users\/3"}],"replies":[{"embeddable":true,"href":"https:\/\/fokalize.com\/fr\/wp-json\/wp\/v2\/comments?post=2072"}],"version-history":[{"count":67,"href":"https:\/\/fokalize.com\/fr\/wp-json\/wp\/v2\/pages\/2072\/revisions"}],"predecessor-version":[{"id":3517,"href":"https:\/\/fokalize.com\/fr\/wp-json\/wp\/v2\/pages\/2072\/revisions\/3517"}],"wp:attachment":[{"href":"https:\/\/fokalize.com\/fr\/wp-json\/wp\/v2\/media?parent=2072"}],"curies":[{"name":"wp","href":"https:\/\/api.w.org\/{rel}","templated":true}]}}