{"id":2057,"date":"2024-10-09T09:07:42","date_gmt":"2024-10-09T09:07:42","guid":{"rendered":"https:\/\/fokalize.com\/?page_id=2057"},"modified":"2025-10-27T14:51:28","modified_gmt":"2025-10-27T13:51:28","slug":"condiciones-generales","status":"publish","type":"page","link":"https:\/\/fokalize.com\/fr\/condiciones-generales\/","title":{"rendered":"Conditions g\u00e9n\u00e9rales"},"content":{"rendered":"<div data-elementor-type=\"wp-page\" data-elementor-id=\"2057\" class=\"elementor elementor-2057\" data-elementor-post-type=\"page\">\n\t\t\t\t<div class=\"elementor-element elementor-element-841dfa3 e-flex e-con-boxed e-con e-parent\" data-id=\"841dfa3\" data-element_type=\"container\">\n\t\t\t\t\t<div class=\"e-con-inner\">\n\t\t\t\t<div class=\"elementor-element elementor-element-845ff3d elementor-widget elementor-widget-text-editor\" data-id=\"845ff3d\" data-element_type=\"widget\" data-widget_type=\"text-editor.default\">\n\t\t\t\t<div class=\"elementor-widget-container\">\n\t\t\t\t\t\t\t\t\t<h1><strong>CONDITIONS G\u00c9N\u00c9RALES<\/strong><\/h1><p><b>DESCRIPTION ET NATURE DE L&#039;\u00c9V\u00c9NEMENT<\/b><\/p><p><span style=\"font-weight: 400;\">L&#039;atelier laOla (la salle) regroupe des tables d\u00e9di\u00e9es \u00e0 la promotion du tourisme d&#039;affaires, de loisirs et \u00e9v\u00e9nementiel, dont l&#039;entr\u00e9e est r\u00e9serv\u00e9e exclusivement aux professionnels disposant d&#039;un pass d&#039;acc\u00e8s.<\/span><\/p><p><b>L&#039;ORGANISATEUR<\/b><\/p><p><span style=\"font-weight: 400;\">L&#039;atelier est organis\u00e9 par la soci\u00e9t\u00e9 Fokalize (l&#039;organisateur) 6bis Bd Berthelot 34000 Montpellier siret n\u00b0 47809069900040. L&#039;organisateur s&#039;engage \u00e0 fournir tous les moyens n\u00e9cessaires au bon d\u00e9roulement de l&#039;\u00e9v\u00e9nement.<\/span><\/p><p><b>BIEN S\u00dbR<\/b><\/p><p><span style=\"font-weight: 400;\">Le participant doit disposer d&#039;une assurance responsabilit\u00e9 civile individuelle couvrant tous les dommages caus\u00e9s aux tiers, qu&#039;ils soient de son fait, de son personnel ou de ses installations. De plus, vous devez d\u00e9tenir une assurance couvrant le mat\u00e9riel vous appartenant ou les biens qui vous sont confi\u00e9s lors de l&#039;\u00e9v\u00e9nement. Chaque participant est responsable d\u2019assurer la protection de ses propres biens et effets personnels. L&#039;organisateur n&#039;assume aucune responsabilit\u00e9 dans ce domaine.<\/span><\/p><p><b>ATTRIBUTION DES ESPACES\u00a0<\/b><\/p><p><span style=\"font-weight: 400;\">L&#039;organisateur \u00e9tablit le plan de l&#039;\u00e9v\u00e9nement et attribue librement les espaces en fonction de la date de r\u00e9ception des formulaires, ainsi que des limitations techniques. L&#039;organisateur s&#039;efforcera de prendre en compte les souhaits exprim\u00e9s par les exposants. Toutefois, pour des raisons \u00e9videntes d&#039;organisation, l&#039;organisateur ne peut garantir la satisfaction de ces souhaits. Aucune r\u00e9clamation relative \u00e0 l&#039;espace attribu\u00e9 \u00e0 l&#039;exposant ne sera prise en consid\u00e9ration.<\/span><\/p><p><span style=\"font-weight: 400;\">En aucun cas l&#039;organisateur ne sera responsable envers l&#039;exposant des cons\u00e9quences pouvant d\u00e9couler de l&#039;espace qui lui est attribu\u00e9.<\/span><\/p><p><b>ADMISSIONS<\/b><\/p><p><span style=\"font-weight: 400;\">Le nombre d&#039;acc\u00e8s par entit\u00e9 est limit\u00e9 au nombre pr\u00e9vu dans le forfait contract\u00e9. Toute demande d&#039;acc\u00e8s suppl\u00e9mentaire fera l&#039;objet d&#039;une facturation compl\u00e9mentaire et d&#039;une validation par l&#039;organisateur. En aucun cas un exposant ou un fournisseur ne pourra acc\u00e9der \u00e0 l\u2019\u00e9v\u00e9nement sans avoir \u00e9t\u00e9 accr\u00e9dit\u00e9, ni en s\u2019inscrivant en tant que visiteur.<\/span><\/p><p><b>PAYER<\/b><span style=\"font-weight: 400;\"><br \/><\/span><span style=\"font-weight: 400;\">Un acompte de 35% est demand\u00e9 au moment de la r\u00e9servation et le solde devra \u00eatre r\u00e9gl\u00e9 au plus tard 4 mois avant l&#039;\u00e9v\u00e9nement soit au plus tard le 18 mai 2025. Pour toute commande pass\u00e9e apr\u00e8s le 18 mai 2025, le paiement int\u00e9gral devra \u00eatre effectu\u00e9. \u00eatre effectu\u00e9 au moment de la signature de la commande.<\/span><\/p><p><span style=\"font-weight: 400;\">Si la totalit\u00e9 des sommes dues n&#039;a pas \u00e9t\u00e9 r\u00e9gl\u00e9e, l&#039;organisateur se r\u00e9serve le droit de :<\/span><\/p><p><span style=\"font-weight: 400;\">\u2013 Interdire \u00e0 l\u2019exposant l\u2019acc\u00e8s au stand.<\/span><\/p><p><span style=\"font-weight: 400;\">\u2013 R\u00e9attribuer l\u2019espace \u00e0 un autre exposant.<\/span><\/p><p><span style=\"font-weight: 400;\">\u2013 Exiger le paiement int\u00e9gral de la facture et le paiement des frais administratifs \u00e0 titre de dommages et int\u00e9r\u00eats, m\u00eame en cas de d\u00e9m\u00e9nagement de l&#039;espace chez un autre exposant.<\/span><\/p><p><b>ANNULATION<\/b><\/p><p><span style=\"font-weight: 400;\">Toute commande est ferme et d\u00e9finitive. En cas de d\u00e9sistement, quelle qu&#039;en soit la date ou la cause, le signataire de la candidature restera responsable du paiement int\u00e9gral de sa participation. A d\u00e9faut de paiement dans le d\u00e9lai convenu, cette demande d&#039;inscription sera r\u00e9sili\u00e9e de plein droit, mais le signataire restera redevable du paiement \u00e0 la soci\u00e9t\u00e9. La p\u00e9nalit\u00e9 sera applicable m\u00eame si l&#039;organisateur a r\u00e9affect\u00e9 le stand initialement r\u00e9serv\u00e9.<\/span><\/p><p><span style=\"font-weight: 400;\">L&#039;exposant pourra transf\u00e9rer sa participation \u00e0 la manifestation sous une autre identit\u00e9 en cas d&#039;impossibilit\u00e9 d&#039;y assister.<\/span><\/p>\t\t\t\t\t\t\t\t<\/div>\n\t\t\t\t<\/div>\n\t\t\t\t\t<\/div>\n\t\t\t\t<\/div>\n\t\t\t\t<\/div>","protected":false},"excerpt":{"rendered":"<p>CONDITIONS G\u00c9N\u00c9RALES DESCRIPTION ET NATURE DE L&#039;\u00c9V\u00c9NEMENT L&#039;atelier laOla (le salon) regroupe des panels d\u00e9di\u00e9s \u00e0 la promotion du tourisme d&#039;affaires, de loisirs et \u00e9v\u00e9nementiel, dont l&#039;entr\u00e9e est exclusivement r\u00e9serv\u00e9e aux professionnels munis d&#039;un titre d&#039;acc\u00e8s. L&#039;ORGANISATEUR L&#039;atelier est organis\u00e9 par Fokalize (l&#039;organisateur) 6bis Bd Berthelot [\u2026]<\/p>","protected":false},"author":3,"featured_media":0,"parent":0,"menu_order":0,"comment_status":"closed","ping_status":"closed","template":"","meta":{"footnotes":""},"class_list":["post-2057","page","type-page","status-publish","hentry"],"yoast_head":"<!-- This site is optimized with the Yoast SEO plugin v26.5 - https:\/\/yoast.com\/wordpress\/plugins\/seo\/ -->\n<title>Condiciones Generales - Fokalize<\/title>\n<meta name=\"robots\" content=\"index, follow, max-snippet:-1, max-image-preview:large, max-video-preview:-1\" \/>\n<link rel=\"canonical\" href=\"https:\/\/fokalize.com\/fr\/condiciones-generales\/\" \/>\n<meta property=\"og:locale\" content=\"fr_FR\" \/>\n<meta property=\"og:type\" content=\"article\" \/>\n<meta property=\"og:title\" content=\"Condiciones Generales - Fokalize\" \/>\n<meta property=\"og:description\" content=\"CONDICIONES GENERALES DESCRIPCI\u00d3N Y NATURALEZA DEL EVENTO El workshop laOla (el sal\u00f3n) agrupa mesas dedicadas a la promoci\u00f3n del turismo de negocios, de ocio y eventos, cuya entrada est\u00e1 reservada exclusivamente para profesionales que cuenten con un pase de acceso. EL ORGANIZADOR El workshop es organizado por la empresa Fokalize (el organizador) 6bis Bd Berthelot [&hellip;]\" \/>\n<meta property=\"og:url\" content=\"https:\/\/fokalize.com\/fr\/condiciones-generales\/\" \/>\n<meta property=\"og:site_name\" content=\"Fokalize\" \/>\n<meta property=\"article:modified_time\" content=\"2025-10-27T13:51:28+00:00\" \/>\n<meta name=\"twitter:card\" content=\"summary_large_image\" \/>\n<meta name=\"twitter:label1\" content=\"Dur\u00e9e de lecture estim\u00e9e\" \/>\n\t<meta name=\"twitter:data1\" content=\"3 minutes\" \/>\n<script type=\"application\/ld+json\" class=\"yoast-schema-graph\">{\"@context\":\"https:\/\/schema.org\",\"@graph\":[{\"@type\":\"WebPage\",\"@id\":\"https:\/\/fokalize.com\/condiciones-generales\/\",\"url\":\"https:\/\/fokalize.com\/condiciones-generales\/\",\"name\":\"Condiciones Generales - Fokalize\",\"isPartOf\":{\"@id\":\"https:\/\/fokalize.com\/#website\"},\"datePublished\":\"2024-10-09T09:07:42+00:00\",\"dateModified\":\"2025-10-27T13:51:28+00:00\",\"breadcrumb\":{\"@id\":\"https:\/\/fokalize.com\/condiciones-generales\/#breadcrumb\"},\"inLanguage\":\"fr-FR\",\"potentialAction\":[{\"@type\":\"ReadAction\",\"target\":[\"https:\/\/fokalize.com\/condiciones-generales\/\"]}]},{\"@type\":\"BreadcrumbList\",\"@id\":\"https:\/\/fokalize.com\/condiciones-generales\/#breadcrumb\",\"itemListElement\":[{\"@type\":\"ListItem\",\"position\":1,\"name\":\"Portada\",\"item\":\"https:\/\/fokalize.com\/\"},{\"@type\":\"ListItem\",\"position\":2,\"name\":\"Condiciones Generales\"}]},{\"@type\":\"WebSite\",\"@id\":\"https:\/\/fokalize.com\/#website\",\"url\":\"https:\/\/fokalize.com\/\",\"name\":\"Fokalize\",\"description\":\"\",\"potentialAction\":[{\"@type\":\"SearchAction\",\"target\":{\"@type\":\"EntryPoint\",\"urlTemplate\":\"https:\/\/fokalize.com\/?s={search_term_string}\"},\"query-input\":{\"@type\":\"PropertyValueSpecification\",\"valueRequired\":true,\"valueName\":\"search_term_string\"}}],\"inLanguage\":\"fr-FR\"}]}<\/script>\n<!-- \/ Yoast SEO plugin. -->","yoast_head_json":{"title":"Condiciones Generales - Fokalize","robots":{"index":"index","follow":"follow","max-snippet":"max-snippet:-1","max-image-preview":"max-image-preview:large","max-video-preview":"max-video-preview:-1"},"canonical":"https:\/\/fokalize.com\/fr\/condiciones-generales\/","og_locale":"fr_FR","og_type":"article","og_title":"Condiciones Generales - Fokalize","og_description":"CONDICIONES GENERALES DESCRIPCI\u00d3N Y NATURALEZA DEL EVENTO El workshop laOla (el sal\u00f3n) agrupa mesas dedicadas a la promoci\u00f3n del turismo de negocios, de ocio y eventos, cuya entrada est\u00e1 reservada exclusivamente para profesionales que cuenten con un pase de acceso. EL ORGANIZADOR El workshop es organizado por la empresa Fokalize (el organizador) 6bis Bd Berthelot [&hellip;]","og_url":"https:\/\/fokalize.com\/fr\/condiciones-generales\/","og_site_name":"Fokalize","article_modified_time":"2025-10-27T13:51:28+00:00","twitter_card":"summary_large_image","twitter_misc":{"Dur\u00e9e de lecture estim\u00e9e":"3 minutes"},"schema":{"@context":"https:\/\/schema.org","@graph":[{"@type":"WebPage","@id":"https:\/\/fokalize.com\/condiciones-generales\/","url":"https:\/\/fokalize.com\/condiciones-generales\/","name":"Condiciones Generales - Fokalize","isPartOf":{"@id":"https:\/\/fokalize.com\/#website"},"datePublished":"2024-10-09T09:07:42+00:00","dateModified":"2025-10-27T13:51:28+00:00","breadcrumb":{"@id":"https:\/\/fokalize.com\/condiciones-generales\/#breadcrumb"},"inLanguage":"fr-FR","potentialAction":[{"@type":"ReadAction","target":["https:\/\/fokalize.com\/condiciones-generales\/"]}]},{"@type":"BreadcrumbList","@id":"https:\/\/fokalize.com\/condiciones-generales\/#breadcrumb","itemListElement":[{"@type":"ListItem","position":1,"name":"Portada","item":"https:\/\/fokalize.com\/"},{"@type":"ListItem","position":2,"name":"Condiciones Generales"}]},{"@type":"WebSite","@id":"https:\/\/fokalize.com\/#website","url":"https:\/\/fokalize.com\/","name":"Fokaliser","description":"","potentialAction":[{"@type":"SearchAction","target":{"@type":"EntryPoint","urlTemplate":"https:\/\/fokalize.com\/?s={search_term_string}"},"query-input":{"@type":"PropertyValueSpecification","valueRequired":true,"valueName":"search_term_string"}}],"inLanguage":"fr-FR"}]}},"_links":{"self":[{"href":"https:\/\/fokalize.com\/fr\/wp-json\/wp\/v2\/pages\/2057","targetHints":{"allow":["GET"]}}],"collection":[{"href":"https:\/\/fokalize.com\/fr\/wp-json\/wp\/v2\/pages"}],"about":[{"href":"https:\/\/fokalize.com\/fr\/wp-json\/wp\/v2\/types\/page"}],"author":[{"embeddable":true,"href":"https:\/\/fokalize.com\/fr\/wp-json\/wp\/v2\/users\/3"}],"replies":[{"embeddable":true,"href":"https:\/\/fokalize.com\/fr\/wp-json\/wp\/v2\/comments?post=2057"}],"version-history":[{"count":12,"href":"https:\/\/fokalize.com\/fr\/wp-json\/wp\/v2\/pages\/2057\/revisions"}],"predecessor-version":[{"id":3513,"href":"https:\/\/fokalize.com\/fr\/wp-json\/wp\/v2\/pages\/2057\/revisions\/3513"}],"wp:attachment":[{"href":"https:\/\/fokalize.com\/fr\/wp-json\/wp\/v2\/media?parent=2057"}],"curies":[{"name":"wp","href":"https:\/\/api.w.org\/{rel}","templated":true}]}}