{"id":1605,"date":"2024-09-03T18:34:35","date_gmt":"2024-09-03T18:34:35","guid":{"rendered":"https:\/\/fokalize.com\/?page_id=1605"},"modified":"2025-10-27T14:43:34","modified_gmt":"2025-10-27T13:43:34","slug":"declaracion-de-accesibilidad","status":"publish","type":"page","link":"https:\/\/fokalize.com\/fr\/declaracion-de-accesibilidad\/","title":{"rendered":"D\u00e9claration d&#039;accessibilit\u00e9"},"content":{"rendered":"<div data-elementor-type=\"wp-page\" data-elementor-id=\"1605\" class=\"elementor elementor-1605\" data-elementor-post-type=\"page\">\n\t\t\t\t<div class=\"elementor-element elementor-element-1465d22 e-flex e-con-boxed e-con e-parent\" data-id=\"1465d22\" data-element_type=\"container\" data-settings=\"{&quot;background_background&quot;:&quot;classic&quot;}\">\n\t\t\t\t\t<div class=\"e-con-inner\">\n\t\t<div class=\"elementor-element elementor-element-f0cb802 e-con-full e-flex e-con e-child\" data-id=\"f0cb802\" data-element_type=\"container\">\n\t\t\t\t<div class=\"elementor-element elementor-element-a7acda8 elementor-invisible elementor-widget elementor-widget-heading\" data-id=\"a7acda8\" data-element_type=\"widget\" data-settings=\"{&quot;_animation&quot;:&quot;fadeInDown&quot;}\" data-widget_type=\"heading.default\">\n\t\t\t\t<div class=\"elementor-widget-container\">\n\t\t\t\t\t<h1 class=\"elementor-heading-title elementor-size-default\">D\u00e9claration d&#039;accessibilit\u00e9<\/h1>\t\t\t\t<\/div>\n\t\t\t\t<\/div>\n\t\t\t\t<\/div>\n\t\t\t\t\t<\/div>\n\t\t\t\t<\/div>\n\t\t<div class=\"elementor-element elementor-element-38f2c2a e-flex e-con-boxed e-con e-parent\" data-id=\"38f2c2a\" data-element_type=\"container\">\n\t\t\t\t\t<div class=\"e-con-inner\">\n\t\t\t\t<div class=\"elementor-element elementor-element-d3a2f04 elementor-widget elementor-widget-text-editor\" data-id=\"d3a2f04\" data-element_type=\"widget\" data-widget_type=\"text-editor.default\">\n\t\t\t\t<div class=\"elementor-widget-container\">\n\t\t\t\t\t\t\t\t\t<p>EMMA BELLO AGUILAR avec NIF 46130444B s&#039;est engag\u00e9e \u00e0 rendre son site Internet accessible, conform\u00e9ment au d\u00e9cret royal 1112\/2018 du 7 septembre sur l&#039;accessibilit\u00e9 des sites Web et des applications pour appareils mobiles du secteur public. Cette d\u00e9claration d&#039;accessibilit\u00e9 s&#039;applique \u00e0 ce site Web.<\/p><h3 class=\"wp-block-heading\">Statut de conformit\u00e9<\/h3><p>Ce site Web est d\u00e9velopp\u00e9 conform\u00e9ment au RD 1112\/2018<\/p><h3 class=\"wp-block-heading\">Pr\u00e9paration de la prochaine d\u00e9claration d&#039;accessibilit\u00e9<\/h3><p>Cette d\u00e9claration a \u00e9t\u00e9 pr\u00e9par\u00e9e le 20 mai 2023.<\/p><p>La m\u00e9thode utilis\u00e9e pour pr\u00e9parer la d\u00e9claration a \u00e9t\u00e9 une auto-\u00e9valuation.<\/p><h3 class=\"wp-block-heading\">Contenu facultatif<\/h3><p>Vous pouvez effectuer des communications sur les exigences d&#039;accessibilit\u00e9 (article 10.2.a de l&#039;AR 1112\/2018) telles que\u00a0:<\/p><ul><li>Signaler toute violation \u00e9ventuelle de ce site Web<\/li><li>Transmettre d&#039;autres difficult\u00e9s d&#039;acc\u00e8s au contenu<\/li><li>Formuler toute autre question ou suggestion d&#039;am\u00e9lioration concernant l&#039;accessibilit\u00e9 du site Internet via le\u00a0<a href=\"\/fr\/contacto\/\">formulaire de contact<\/a> depuis ce site ou via le num\u00e9ro de t\u00e9l\u00e9phone : +33 6 70 53 61 71<\/li><\/ul><p>Vous pouvez pr\u00e9senter :<\/p><ul><li>Plainte concernant le respect des exigences du RD 1112\/2018<\/li><li>Demande d\u2019informations accessibles concernant :<ul><li>Contenus exclus du champ d&#039;application du RD 1112\/2018 conform\u00e9ment \u00e0 ce qui est \u00e9tabli \u00e0 l&#039;article 3, section 4<\/li><li>Contenu exempt\u00e9 du respect des exigences en mati\u00e8re d&#039;accessibilit\u00e9 pour imposer une charge disproportionn\u00e9e<\/li><li>Dans la Demande d&#039;information accessible, les faits, les motifs et la demande doivent \u00eatre clairement pr\u00e9cis\u00e9s, permettant de v\u00e9rifier qu&#039;il s&#039;agit d&#039;une demande raisonnable et l\u00e9gitime.<\/li><\/ul><\/li><\/ul><p>Les plaintes et r\u00e9clamations concernant les informations accessibles seront d\u00e9pos\u00e9es via le si\u00e8ge \u00e9lectronique (<a href=\"https:\/\/sede.red.gob.es\/procedimientos\/quejas-y-sugerencias\" target=\"_blank\" rel=\"noreferrer noopener\">https:\/\/sede.red.gob.es\/procedimientos\/quejas-y-sugerencias<\/a>), et seront re\u00e7us et trait\u00e9s par la zone Syst\u00e8mes d&#039;Information de Red.es.<\/p><h3 class=\"wp-block-heading\">Observations et coordonn\u00e9es<\/h3><ul><li>Si vous souhaitez modifier la taille de la police du texte dans les principaux navigateurs graphiques, utilisez les menus suivants :<\/li><li>Safari\u00a0:\u00a0Affichage\u00a0&gt; Agrandir le texte<\/li><li>Chrome\u00a0:\u00a0Contr\u00f4ler la page actuelle\u00a0&gt; Taille du texte<\/li><\/ul><p>Pour tout redimensionner sur la page\u00a0:<\/p><ul><li>Ctrl++ pour l&#039;augmenter<\/li><li>Ctrl + \u2013 pour le diminuer<\/li><li>Ctrl + 0 restaure la taille du texte d&#039;origine<\/li><li>Si vous souhaitez remplacer la feuille de style ou modifier la couleur du texte, vous pouvez consulter la page Comment changer la taille ou les couleurs du texte du WAI, qui peut \u00eatre lue traduite en espagnol dans Comment changer la taille ou les couleurs du texte ?<\/li><\/ul>\t\t\t\t\t\t\t\t<\/div>\n\t\t\t\t<\/div>\n\t\t\t\t\t<\/div>\n\t\t\t\t<\/div>\n\t\t\t\t<\/div>","protected":false},"excerpt":{"rendered":"<p>EMMA BELLO AGUILAR avec NIF 46130444B s&#039;est engag\u00e9e \u00e0 rendre son site Web accessible, conform\u00e9ment au d\u00e9cret royal 1112\/2018, du 7 septembre, sur l&#039;accessibilit\u00e9 des sites Web et des applications mobiles dans le secteur public. Cette d\u00e9claration d&#039;accessibilit\u00e9 s&#039;applique \u00e0 ce site Web. \u00c9tat de conformit\u00e9 Ce site Web [\u2026]<\/p>","protected":false},"author":1,"featured_media":0,"parent":0,"menu_order":0,"comment_status":"closed","ping_status":"closed","template":"","meta":{"footnotes":""},"class_list":["post-1605","page","type-page","status-publish","hentry"],"yoast_head":"<!-- This site is optimized with the Yoast SEO plugin v26.5 - https:\/\/yoast.com\/wordpress\/plugins\/seo\/ -->\n<title>Declaraci\u00f3n de accesibilidad - Fokalize<\/title>\n<meta name=\"robots\" content=\"index, follow, max-snippet:-1, max-image-preview:large, max-video-preview:-1\" \/>\n<link rel=\"canonical\" href=\"https:\/\/fokalize.com\/fr\/declaracion-de-accesibilidad\/\" \/>\n<meta property=\"og:locale\" content=\"fr_FR\" \/>\n<meta property=\"og:type\" content=\"article\" \/>\n<meta property=\"og:title\" content=\"Declaraci\u00f3n de accesibilidad - Fokalize\" \/>\n<meta property=\"og:description\" content=\"EMMA BELLO AGUILAR con NIF 46130444B\u00a0 se ha comprometido a hacer accesible su sitio web, de conformidad con el Real Decreto 1112\/2018, de 7 de septiembre, sobre accesibilidad de los sitios web y aplicaciones para dispositivos m\u00f3viles del sector p\u00fablico. Esta declaraci\u00f3n de accesibilidad se aplica a esta web. Situaci\u00f3n de cumplimiento Este sitio web [&hellip;]\" \/>\n<meta property=\"og:url\" content=\"https:\/\/fokalize.com\/fr\/declaracion-de-accesibilidad\/\" \/>\n<meta property=\"og:site_name\" content=\"Fokalize\" \/>\n<meta property=\"article:modified_time\" content=\"2025-10-27T13:43:34+00:00\" \/>\n<meta name=\"twitter:card\" content=\"summary_large_image\" \/>\n<meta name=\"twitter:label1\" content=\"Dur\u00e9e de lecture estim\u00e9e\" \/>\n\t<meta name=\"twitter:data1\" content=\"2 minutes\" \/>\n<script type=\"application\/ld+json\" class=\"yoast-schema-graph\">{\"@context\":\"https:\/\/schema.org\",\"@graph\":[{\"@type\":\"WebPage\",\"@id\":\"https:\/\/fokalize.com\/declaracion-de-accesibilidad\/\",\"url\":\"https:\/\/fokalize.com\/declaracion-de-accesibilidad\/\",\"name\":\"Declaraci\u00f3n de accesibilidad - Fokalize\",\"isPartOf\":{\"@id\":\"https:\/\/fokalize.com\/#website\"},\"datePublished\":\"2024-09-03T18:34:35+00:00\",\"dateModified\":\"2025-10-27T13:43:34+00:00\",\"breadcrumb\":{\"@id\":\"https:\/\/fokalize.com\/declaracion-de-accesibilidad\/#breadcrumb\"},\"inLanguage\":\"fr-FR\",\"potentialAction\":[{\"@type\":\"ReadAction\",\"target\":[\"https:\/\/fokalize.com\/declaracion-de-accesibilidad\/\"]}]},{\"@type\":\"BreadcrumbList\",\"@id\":\"https:\/\/fokalize.com\/declaracion-de-accesibilidad\/#breadcrumb\",\"itemListElement\":[{\"@type\":\"ListItem\",\"position\":1,\"name\":\"Portada\",\"item\":\"https:\/\/fokalize.com\/\"},{\"@type\":\"ListItem\",\"position\":2,\"name\":\"Declaraci\u00f3n de accesibilidad\"}]},{\"@type\":\"WebSite\",\"@id\":\"https:\/\/fokalize.com\/#website\",\"url\":\"https:\/\/fokalize.com\/\",\"name\":\"Fokalize\",\"description\":\"\",\"potentialAction\":[{\"@type\":\"SearchAction\",\"target\":{\"@type\":\"EntryPoint\",\"urlTemplate\":\"https:\/\/fokalize.com\/?s={search_term_string}\"},\"query-input\":{\"@type\":\"PropertyValueSpecification\",\"valueRequired\":true,\"valueName\":\"search_term_string\"}}],\"inLanguage\":\"fr-FR\"}]}<\/script>\n<!-- \/ Yoast SEO plugin. -->","yoast_head_json":{"title":"D\u00e9claration d&#039;accessibilit\u00e9 - Fokalize","robots":{"index":"index","follow":"follow","max-snippet":"max-snippet:-1","max-image-preview":"max-image-preview:large","max-video-preview":"max-video-preview:-1"},"canonical":"https:\/\/fokalize.com\/fr\/declaracion-de-accesibilidad\/","og_locale":"fr_FR","og_type":"article","og_title":"Declaraci\u00f3n de accesibilidad - Fokalize","og_description":"EMMA BELLO AGUILAR con NIF 46130444B\u00a0 se ha comprometido a hacer accesible su sitio web, de conformidad con el Real Decreto 1112\/2018, de 7 de septiembre, sobre accesibilidad de los sitios web y aplicaciones para dispositivos m\u00f3viles del sector p\u00fablico. Esta declaraci\u00f3n de accesibilidad se aplica a esta web. Situaci\u00f3n de cumplimiento Este sitio web [&hellip;]","og_url":"https:\/\/fokalize.com\/fr\/declaracion-de-accesibilidad\/","og_site_name":"Fokalize","article_modified_time":"2025-10-27T13:43:34+00:00","twitter_card":"summary_large_image","twitter_misc":{"Dur\u00e9e de lecture estim\u00e9e":"2 minutes"},"schema":{"@context":"https:\/\/schema.org","@graph":[{"@type":"WebPage","@id":"https:\/\/fokalize.com\/declaracion-de-accesibilidad\/","url":"https:\/\/fokalize.com\/declaracion-de-accesibilidad\/","name":"D\u00e9claration d&#039;accessibilit\u00e9 - Fokalize","isPartOf":{"@id":"https:\/\/fokalize.com\/#website"},"datePublished":"2024-09-03T18:34:35+00:00","dateModified":"2025-10-27T13:43:34+00:00","breadcrumb":{"@id":"https:\/\/fokalize.com\/declaracion-de-accesibilidad\/#breadcrumb"},"inLanguage":"fr-FR","potentialAction":[{"@type":"ReadAction","target":["https:\/\/fokalize.com\/declaracion-de-accesibilidad\/"]}]},{"@type":"BreadcrumbList","@id":"https:\/\/fokalize.com\/declaracion-de-accesibilidad\/#breadcrumb","itemListElement":[{"@type":"ListItem","position":1,"name":"Portada","item":"https:\/\/fokalize.com\/"},{"@type":"ListItem","position":2,"name":"Declaraci\u00f3n de accesibilidad"}]},{"@type":"WebSite","@id":"https:\/\/fokalize.com\/#website","url":"https:\/\/fokalize.com\/","name":"Fokaliser","description":"","potentialAction":[{"@type":"SearchAction","target":{"@type":"EntryPoint","urlTemplate":"https:\/\/fokalize.com\/?s={search_term_string}"},"query-input":{"@type":"PropertyValueSpecification","valueRequired":true,"valueName":"search_term_string"}}],"inLanguage":"fr-FR"}]}},"_links":{"self":[{"href":"https:\/\/fokalize.com\/fr\/wp-json\/wp\/v2\/pages\/1605","targetHints":{"allow":["GET"]}}],"collection":[{"href":"https:\/\/fokalize.com\/fr\/wp-json\/wp\/v2\/pages"}],"about":[{"href":"https:\/\/fokalize.com\/fr\/wp-json\/wp\/v2\/types\/page"}],"author":[{"embeddable":true,"href":"https:\/\/fokalize.com\/fr\/wp-json\/wp\/v2\/users\/1"}],"replies":[{"embeddable":true,"href":"https:\/\/fokalize.com\/fr\/wp-json\/wp\/v2\/comments?post=1605"}],"version-history":[{"count":7,"href":"https:\/\/fokalize.com\/fr\/wp-json\/wp\/v2\/pages\/1605\/revisions"}],"predecessor-version":[{"id":3507,"href":"https:\/\/fokalize.com\/fr\/wp-json\/wp\/v2\/pages\/1605\/revisions\/3507"}],"wp:attachment":[{"href":"https:\/\/fokalize.com\/fr\/wp-json\/wp\/v2\/media?parent=1605"}],"curies":[{"name":"wp","href":"https:\/\/api.w.org\/{rel}","templated":true}]}}