{"id":1601,"date":"2024-09-03T18:34:05","date_gmt":"2024-09-03T18:34:05","guid":{"rendered":"https:\/\/fokalize.com\/?page_id=1601"},"modified":"2025-10-27T15:15:10","modified_gmt":"2025-10-27T14:15:10","slug":"politica-de-privacidad","status":"publish","type":"page","link":"https:\/\/fokalize.com\/fr\/politica-de-privacidad\/","title":{"rendered":"politique de confidentialit\u00e9"},"content":{"rendered":"<div data-elementor-type=\"wp-page\" data-elementor-id=\"1601\" class=\"elementor elementor-1601\" data-elementor-post-type=\"page\">\n\t\t\t\t<div class=\"elementor-element elementor-element-c9cc049 e-flex e-con-boxed e-con e-parent\" data-id=\"c9cc049\" data-element_type=\"container\" data-settings=\"{&quot;background_background&quot;:&quot;classic&quot;}\">\n\t\t\t\t\t<div class=\"e-con-inner\">\n\t\t<div class=\"elementor-element elementor-element-0f71668 e-con-full e-flex e-con e-child\" data-id=\"0f71668\" data-element_type=\"container\">\n\t\t\t\t<div class=\"elementor-element elementor-element-fc1c287 elementor-invisible elementor-widget elementor-widget-heading\" data-id=\"fc1c287\" data-element_type=\"widget\" data-settings=\"{&quot;_animation&quot;:&quot;fadeInDown&quot;}\" data-widget_type=\"heading.default\">\n\t\t\t\t<div class=\"elementor-widget-container\">\n\t\t\t\t\t<h1 class=\"elementor-heading-title elementor-size-default\">politique de confidentialit\u00e9<\/h1>\t\t\t\t<\/div>\n\t\t\t\t<\/div>\n\t\t\t\t<\/div>\n\t\t\t\t\t<\/div>\n\t\t\t\t<\/div>\n\t\t<div class=\"elementor-element elementor-element-ab827d3 e-flex e-con-boxed e-con e-parent\" data-id=\"ab827d3\" data-element_type=\"container\">\n\t\t\t\t\t<div class=\"e-con-inner\">\n\t\t\t\t<div class=\"elementor-element elementor-element-0572577 elementor-widget elementor-widget-text-editor\" data-id=\"0572577\" data-element_type=\"widget\" data-widget_type=\"text-editor.default\">\n\t\t\t\t<div class=\"elementor-widget-container\">\n\t\t\t\t\t\t\t\t\t<h3 class=\"wp-block-heading\">1.- INFORMATION \u00c0 L&#039;UTILISATEUR<\/h3><p>Le site informe les utilisateurs du site de sa politique en mati\u00e8re de traitement et de protection des donn\u00e9es personnelles des utilisateurs et des clients qui peuvent \u00eatre demand\u00e9es lors de la navigation sur son site Internet. Le site Web est responsable du traitement des donn\u00e9es personnelles de l&#039;utilisateur, c&#039;est pourquoi les informations suivantes sont fournies concernant le traitement de vos donn\u00e9es :\u00a0<strong>Crit\u00e8res de conservation des donn\u00e9es<\/strong>\u00a0: Les donn\u00e9es personnelles fournies seront conserv\u00e9es jusqu&#039;\u00e0 ce que la suspension soit demand\u00e9e par l&#039;int\u00e9ress\u00e9, exer\u00e7ant ses droits sur les donn\u00e9es, et en tout cas dans le respect des d\u00e9lais de prescription l\u00e9gaux applicables.\u00a0<strong>Droits des parties int\u00e9ress\u00e9es<\/strong>\u00a0:<\/p><ul><li>Droit de retirer votre consentement \u00e0 tout moment.<\/li><li>Droit d&#039;acc\u00e8s, de rectification, de suppression, de portabilit\u00e9 de vos donn\u00e9es et de limitation ou d&#039;opposition \u00e0 leur traitement, ainsi que de ne pas \u00eatre soumis \u00e0 des d\u00e9cisions individuelles automatis\u00e9es.<\/li><\/ul><p><strong>Coordonn\u00e9es pour exercer vos droits<\/strong>\u00a0: Le droit d\u2019exercice doit \u00eatre correctement identifi\u00e9 et clairement demand\u00e9.<\/p><ul><li>Nom: <span style=\"font-weight: 400;\">EMMA BELLO AGUILAR <\/span>avec NIF <span style=\"font-weight: 400;\">46130444B<\/span><\/li><li>Adresse: <b> <span style=\"font-weight: 400;\">Travessera de les Corts, 200 11-3, <\/span>\u00a0<span style=\"font-weight: 400;\">08028 Barcelone<\/span><span style=\"font-weight: 400;\"><br \/><\/span><\/b><\/li><li>Adresse 2 : 6bis Bd Berthelot B3, 34000 Montpellier<\/li><li>T\u00e9l\u00e9phone : 06 70 53 61 71<\/li><li>Courriel\u00a0: ebello@impulsturistic.com<\/li><\/ul><h3 class=\"wp-block-heading\">2.- INFORMATIONS FOURNIES PAR L&#039;UTILISATEUR<\/h3><p>Si vous avez moins de 18 ans, l&#039;utilisation des formulaires sur notre site Web n&#039;est pas autoris\u00e9e.<\/p><p>Les utilisateurs, en saisissant leurs donn\u00e9es dans les formulaires de contact ou pr\u00e9sent\u00e9s dans les formulaires de t\u00e9l\u00e9chargement, acceptent express\u00e9ment, librement et sans \u00e9quivoque que leurs donn\u00e9es sont n\u00e9cessaires pour r\u00e9pondre \u00e0 leur demande, par le Responsable, l&#039;inclusion des donn\u00e9es dans les champs de donn\u00e9es \u00e9tant volontaire.<\/p><p>L&#039;Utilisateur garantit que les donn\u00e9es personnelles fournies sont v\u00e9ridiques et est responsable de communiquer toute modification.<\/p><p>Toutes les donn\u00e9es demand\u00e9es via le site Web sont n\u00e9cessaires pour fournir un service optimal \u00e0 l&#039;utilisateur. Si toutes les donn\u00e9es ne sont pas fournies, il n&#039;est pas garanti que les informations et les services que le Responsable vous fournit soient compl\u00e8tement adapt\u00e9s \u00e0 vos besoins.<\/p><h3 class=\"wp-block-heading\">3.- MESURES DE S\u00c9CURIT\u00c9<\/h3><p>Conform\u00e9ment aux dispositions de la r\u00e9glementation en vigueur en mati\u00e8re de protection des donn\u00e9es personnelles, le Responsable du traitement respecte toutes les dispositions des r\u00e9glementations RGPD et LOPD pour le traitement des donn\u00e9es personnelles sous sa responsabilit\u00e9, qui sont trait\u00e9es de mani\u00e8re licite, loyale et transparente. par rapport \u00e0 l&#039;int\u00e9ress\u00e9 et ad\u00e9quats, pertinents et limit\u00e9s \u00e0 ce qui est n\u00e9cessaire au regard des finalit\u00e9s pour lesquelles ils sont trait\u00e9s.<\/p><p>Le Responsable du traitement garantit avoir mis en \u0153uvre des politiques techniques et organisationnelles appropri\u00e9es pour appliquer les mesures de s\u00e9curit\u00e9 \u00e9tablies par le RGPD et la LOPD pour prot\u00e9ger les droits et libert\u00e9s des Utilisateurs et leur avoir communiqu\u00e9 les informations appropri\u00e9es afin qu&#039;ils puissent les exercer.<\/p><h3 class=\"wp-block-heading\">4.- LACUNES DE S\u00c9CURIT\u00c9<\/h3><p>Le responsable du traitement signalera toute faille de s\u00e9curit\u00e9 affectant la base de donn\u00e9es utilis\u00e9e par ce site Web ou affectant l&#039;un de nos services tiers, chaque personne, les donn\u00e9es susceptibles d&#039;avoir \u00e9t\u00e9 affect\u00e9es et les autorit\u00e9s, dans les 72 heures suivant la d\u00e9tection de la violation.<\/p><h3 class=\"wp-block-heading\">5.-LEGISLATION APPLICABLE ET JURIDICTION<\/h3><p>Pour la r\u00e9solution de tous les litiges ou probl\u00e8mes li\u00e9s \u00e0 ce site Web ou aux activit\u00e9s r\u00e9alis\u00e9es, la l\u00e9gislation espagnole s&#039;appliquera, \u00e0 laquelle les parties se soumettent express\u00e9ment, \u00e9tant comp\u00e9tentes pour r\u00e9soudre tous les conflits survenant ou li\u00e9s \u00e0 l&#039;utilisation des Cours et Tribunaux de Barcelone.<\/p>\t\t\t\t\t\t\t\t<\/div>\n\t\t\t\t<\/div>\n\t\t\t\t\t<\/div>\n\t\t\t\t<\/div>\n\t\t\t\t<\/div>","protected":false},"excerpt":{"rendered":"<p>1.- INFORMATIONS \u00c0 L&#039;UTILISATEUR Le site Web informe les utilisateurs du site Web de sa politique concernant le traitement et la protection des donn\u00e9es personnelles des utilisateurs et des clients qui peuvent \u00eatre demand\u00e9es lors de la navigation sur son site Web. Le site Web est le responsable du traitement des [\u2026]<\/p>","protected":false},"author":1,"featured_media":0,"parent":0,"menu_order":0,"comment_status":"closed","ping_status":"closed","template":"","meta":{"footnotes":""},"class_list":["post-1601","page","type-page","status-publish","hentry"],"yoast_head":"<!-- This site is optimized with the Yoast SEO plugin v26.5 - https:\/\/yoast.com\/wordpress\/plugins\/seo\/ -->\n<title>Pol\u00edtica de privacidad - Fokalize<\/title>\n<meta name=\"robots\" content=\"index, follow, max-snippet:-1, max-image-preview:large, max-video-preview:-1\" \/>\n<link rel=\"canonical\" href=\"https:\/\/fokalize.com\/fr\/politica-de-privacidad\/\" \/>\n<meta property=\"og:locale\" content=\"fr_FR\" \/>\n<meta property=\"og:type\" content=\"article\" \/>\n<meta property=\"og:title\" content=\"Pol\u00edtica de privacidad - Fokalize\" \/>\n<meta property=\"og:description\" content=\"1.- INFORMACI\u00d3N AL USUARIO El sitio web informa a los usuarios del sitio web sobre su pol\u00edtica respecto al tratamiento y protecci\u00f3n de los datos de car\u00e1cter personal de los usuarios y clientes que puedan ser solicitados por la navegaci\u00f3n a trav\u00e9s de su sitio web. El sitio web es el Responsable del tratamiento de [&hellip;]\" \/>\n<meta property=\"og:url\" content=\"https:\/\/fokalize.com\/fr\/politica-de-privacidad\/\" \/>\n<meta property=\"og:site_name\" content=\"Fokalize\" \/>\n<meta property=\"article:modified_time\" content=\"2025-10-27T14:15:10+00:00\" \/>\n<meta name=\"twitter:card\" content=\"summary_large_image\" \/>\n<meta name=\"twitter:label1\" content=\"Dur\u00e9e de lecture estim\u00e9e\" \/>\n\t<meta name=\"twitter:data1\" content=\"3 minutes\" \/>\n<script type=\"application\/ld+json\" class=\"yoast-schema-graph\">{\"@context\":\"https:\/\/schema.org\",\"@graph\":[{\"@type\":\"WebPage\",\"@id\":\"https:\/\/fokalize.com\/politica-de-privacidad\/\",\"url\":\"https:\/\/fokalize.com\/politica-de-privacidad\/\",\"name\":\"Pol\u00edtica de privacidad - Fokalize\",\"isPartOf\":{\"@id\":\"https:\/\/fokalize.com\/#website\"},\"datePublished\":\"2024-09-03T18:34:05+00:00\",\"dateModified\":\"2025-10-27T14:15:10+00:00\",\"breadcrumb\":{\"@id\":\"https:\/\/fokalize.com\/politica-de-privacidad\/#breadcrumb\"},\"inLanguage\":\"fr-FR\",\"potentialAction\":[{\"@type\":\"ReadAction\",\"target\":[\"https:\/\/fokalize.com\/politica-de-privacidad\/\"]}]},{\"@type\":\"BreadcrumbList\",\"@id\":\"https:\/\/fokalize.com\/politica-de-privacidad\/#breadcrumb\",\"itemListElement\":[{\"@type\":\"ListItem\",\"position\":1,\"name\":\"Portada\",\"item\":\"https:\/\/fokalize.com\/\"},{\"@type\":\"ListItem\",\"position\":2,\"name\":\"Pol\u00edtica de privacidad\"}]},{\"@type\":\"WebSite\",\"@id\":\"https:\/\/fokalize.com\/#website\",\"url\":\"https:\/\/fokalize.com\/\",\"name\":\"Fokalize\",\"description\":\"\",\"potentialAction\":[{\"@type\":\"SearchAction\",\"target\":{\"@type\":\"EntryPoint\",\"urlTemplate\":\"https:\/\/fokalize.com\/?s={search_term_string}\"},\"query-input\":{\"@type\":\"PropertyValueSpecification\",\"valueRequired\":true,\"valueName\":\"search_term_string\"}}],\"inLanguage\":\"fr-FR\"}]}<\/script>\n<!-- \/ Yoast SEO plugin. -->","yoast_head_json":{"title":"Pol\u00edtica de privacidad - Fokalize","robots":{"index":"index","follow":"follow","max-snippet":"max-snippet:-1","max-image-preview":"max-image-preview:large","max-video-preview":"max-video-preview:-1"},"canonical":"https:\/\/fokalize.com\/fr\/politica-de-privacidad\/","og_locale":"fr_FR","og_type":"article","og_title":"Pol\u00edtica de privacidad - Fokalize","og_description":"1.- INFORMACI\u00d3N AL USUARIO El sitio web informa a los usuarios del sitio web sobre su pol\u00edtica respecto al tratamiento y protecci\u00f3n de los datos de car\u00e1cter personal de los usuarios y clientes que puedan ser solicitados por la navegaci\u00f3n a trav\u00e9s de su sitio web. El sitio web es el Responsable del tratamiento de [&hellip;]","og_url":"https:\/\/fokalize.com\/fr\/politica-de-privacidad\/","og_site_name":"Fokalize","article_modified_time":"2025-10-27T14:15:10+00:00","twitter_card":"summary_large_image","twitter_misc":{"Dur\u00e9e de lecture estim\u00e9e":"3 minutes"},"schema":{"@context":"https:\/\/schema.org","@graph":[{"@type":"WebPage","@id":"https:\/\/fokalize.com\/politica-de-privacidad\/","url":"https:\/\/fokalize.com\/politica-de-privacidad\/","name":"Pol\u00edtica de privacidad - Fokalize","isPartOf":{"@id":"https:\/\/fokalize.com\/#website"},"datePublished":"2024-09-03T18:34:05+00:00","dateModified":"2025-10-27T14:15:10+00:00","breadcrumb":{"@id":"https:\/\/fokalize.com\/politica-de-privacidad\/#breadcrumb"},"inLanguage":"fr-FR","potentialAction":[{"@type":"ReadAction","target":["https:\/\/fokalize.com\/politica-de-privacidad\/"]}]},{"@type":"BreadcrumbList","@id":"https:\/\/fokalize.com\/politica-de-privacidad\/#breadcrumb","itemListElement":[{"@type":"ListItem","position":1,"name":"Portada","item":"https:\/\/fokalize.com\/"},{"@type":"ListItem","position":2,"name":"Pol\u00edtica de privacidad"}]},{"@type":"WebSite","@id":"https:\/\/fokalize.com\/#website","url":"https:\/\/fokalize.com\/","name":"Fokaliser","description":"","potentialAction":[{"@type":"SearchAction","target":{"@type":"EntryPoint","urlTemplate":"https:\/\/fokalize.com\/?s={search_term_string}"},"query-input":{"@type":"PropertyValueSpecification","valueRequired":true,"valueName":"search_term_string"}}],"inLanguage":"fr-FR"}]}},"_links":{"self":[{"href":"https:\/\/fokalize.com\/fr\/wp-json\/wp\/v2\/pages\/1601","targetHints":{"allow":["GET"]}}],"collection":[{"href":"https:\/\/fokalize.com\/fr\/wp-json\/wp\/v2\/pages"}],"about":[{"href":"https:\/\/fokalize.com\/fr\/wp-json\/wp\/v2\/types\/page"}],"author":[{"embeddable":true,"href":"https:\/\/fokalize.com\/fr\/wp-json\/wp\/v2\/users\/1"}],"replies":[{"embeddable":true,"href":"https:\/\/fokalize.com\/fr\/wp-json\/wp\/v2\/comments?post=1601"}],"version-history":[{"count":19,"href":"https:\/\/fokalize.com\/fr\/wp-json\/wp\/v2\/pages\/1601\/revisions"}],"predecessor-version":[{"id":3532,"href":"https:\/\/fokalize.com\/fr\/wp-json\/wp\/v2\/pages\/1601\/revisions\/3532"}],"wp:attachment":[{"href":"https:\/\/fokalize.com\/fr\/wp-json\/wp\/v2\/media?parent=1601"}],"curies":[{"name":"wp","href":"https:\/\/api.w.org\/{rel}","templated":true}]}}